{"id":684,"date":"2023-04-19T16:55:42","date_gmt":"2023-04-19T14:55:42","guid":{"rendered":"http:\/\/malmedie.com.w01d6c22.kasserver.com\/?page_id=684"},"modified":"2023-11-27T10:16:17","modified_gmt":"2023-11-27T09:16:17","slug":"service","status":"publish","type":"page","link":"https:\/\/stage.malmedie.com\/de\/service\/","title":{"rendered":"Service"},"content":{"rendered":"<p>[et_pb_section fb_built=&#8221;1&#8243; _builder_version=&#8221;4.20.4&#8243; _module_preset=&#8221;2754d5ef-219b-4240-be3e-da9c6e9bdeb9&#8243; bottom_divider_height_tablet=&#8221;50px&#8221; bottom_divider_height_phone=&#8221;20px&#8221; bottom_divider_height_last_edited=&#8221;on|phone&#8221; global_colors_info=&#8221;{}&#8221;][et_pb_row _builder_version=&#8221;4.20.4&#8243; _module_preset=&#8221;default&#8221; global_colors_info=&#8221;{}&#8221;][et_pb_column type=&#8221;4_4&#8243; _builder_version=&#8221;4.20.4&#8243; _module_preset=&#8221;default&#8221; global_colors_info=&#8221;{}&#8221;][et_pb_text module_class=&#8221;silbentrennung&#8221; _builder_version=&#8221;4.21.0&#8243; _module_preset=&#8221;default&#8221; text_font=&#8221;|||on|||||&#8221; text_text_color=&#8221;#51BFF2&#8243; header_font=&#8221;|300||on|||||&#8221; header_text_color=&#8221;#FFFFFF&#8221; global_colors_info=&#8221;{}&#8221;]<\/p>\n<h1>Ein sehr gutes Produkt ist uns nicht genug<\/h1>\n<h1 class=\"sub_h1\" style=\"font-weight: 300;\">Erst Service und Beratung bringen das perfekte Gesamtergebnis.<\/h1>\n<p>[\/et_pb_text][\/et_pb_column][\/et_pb_row][et_pb_row module_class=&#8221;lem-inline-buttons&#8221; _builder_version=&#8221;4.23.1&#8243; _module_preset=&#8221;default&#8221; saved_tabs=&#8221;all&#8221; global_colors_info=&#8221;{}&#8221; global_module=&#8221;55492&#8243; theme_builder_area=&#8221;post_content&#8221;][et_pb_column type=&#8221;4_4&#8243; _builder_version=&#8221;4.20.4&#8243; _module_preset=&#8221;default&#8221; global_colors_info=&#8221;{}&#8221; theme_builder_area=&#8221;post_content&#8221;][et_pb_button button_url=&#8221;https:\/\/stage.malmedie.com\/de\/service\/anfrage\/&#8221; button_text=&#8221;Abfrage schicken&#8221; button_alignment_tablet=&#8221;&#8221; button_alignment_phone=&#8221;&#8221; button_alignment_last_edited=&#8221;on|phone&#8221; _builder_version=&#8221;4.23.1&#8243; _module_preset=&#8221;default&#8221; custom_button=&#8221;on&#8221; button_text_color=&#8221;#FFFFFF&#8221; button_bg_color=&#8221;#51BFF2&#8243; button_border_color=&#8221;#51BFF2&#8243; button_border_radius=&#8221;70px&#8221; button_icon=&#8221;&#x35;||divi||400&#8243; button_on_hover=&#8221;off&#8221; custom_margin=&#8221;|2%|||false|false&#8221; custom_padding=&#8221;|45px||30px|false|false&#8221; global_colors_info=&#8221;{}&#8221; custom_css_main_element_last_edited=&#8221;on|tablet&#8221; custom_css_main_element_phone=&#8221;width:100%!important;&#8221; theme_builder_area=&#8221;post_content&#8221;][\/et_pb_button][et_pb_button button_url=&#8221;https:\/\/stage.malmedie.com\/de\/meeting\/&#8221; button_text=&#8221;Meeting vereinbaren&#8221; button_alignment_tablet=&#8221;&#8221; button_alignment_phone=&#8221;&#8221; button_alignment_last_edited=&#8221;on|phone&#8221; _builder_version=&#8221;4.23.1&#8243; _module_preset=&#8221;default&#8221; custom_button=&#8221;on&#8221; button_text_color=&#8221;#FFFFFF&#8221; button_bg_color=&#8221;#51BFF2&#8243; button_border_color=&#8221;#51BFF2&#8243; button_border_radius=&#8221;70px&#8221; button_icon=&#8221;&#x35;||divi||400&#8243; button_on_hover=&#8221;off&#8221; custom_padding=&#8221;|45px||30px|false|false&#8221; global_colors_info=&#8221;{}&#8221; custom_css_main_element_last_edited=&#8221;on|phone&#8221; custom_css_main_element_phone=&#8221;width: 100%!important;&#8221; theme_builder_area=&#8221;post_content&#8221;][\/et_pb_button][\/et_pb_column][\/et_pb_row][\/et_pb_section][et_pb_section fb_built=&#8221;1&#8243; _builder_version=&#8221;4.20.4&#8243; _module_preset=&#8221;default&#8221; global_colors_info=&#8221;{}&#8221;][et_pb_row _builder_version=&#8221;4.20.4&#8243; _module_preset=&#8221;default&#8221; global_colors_info=&#8221;{}&#8221;][et_pb_column type=&#8221;4_4&#8243; _builder_version=&#8221;4.20.4&#8243; _module_preset=&#8221;default&#8221; global_colors_info=&#8221;{}&#8221;][et_pb_text _builder_version=&#8221;4.21.0&#8243; _module_preset=&#8221;default&#8221; header_2_font=&#8221;|||on|||||&#8221; global_colors_info=&#8221;{}&#8221;]<\/p>\n<h2 style=\"font-weight: 200!important;\"><strong>12 Monate verl\u00e4ngerte Gew\u00e4hrleistung<\/strong>, wenn bei Neulieferungen der Einbau durch uns durchgef\u00fchrt oder unterst\u00fctzt wurde.<\/h2>\n<p>[\/et_pb_text][\/et_pb_column][\/et_pb_row][\/et_pb_section][et_pb_section fb_built=&#8221;1&#8243; custom_padding_last_edited=&#8221;on|tablet&#8221; _builder_version=&#8221;4.16&#8243; background_color=&#8221;#ffffff&#8221; custom_padding=&#8221;1px||120px|||&#8221; custom_padding_tablet=&#8221;80px||80px||false|false&#8221; custom_padding_phone=&#8221;60px||60px||false|false&#8221; global_colors_info=&#8221;{}&#8221;][et_pb_row column_structure=&#8221;1_2,1_2&#8243; _builder_version=&#8221;4.21.0&#8243; background_enable_color=&#8221;off&#8221; width_tablet=&#8221;90%&#8221; width_last_edited=&#8221;off|desktop&#8221; module_alignment=&#8221;center&#8221; custom_padding=&#8221;||||false|false&#8221; global_colors_info=&#8221;{}&#8221;][et_pb_column type=&#8221;1_2&#8243; _builder_version=&#8221;4.16&#8243; background_color=&#8221;rgba(0,0,0,0)&#8221; background_enable_image=&#8221;off&#8221; global_colors_info=&#8221;{}&#8221;][dipi_hover_box content_title=&#8221;MALMEDIE-Service vor Ort&#8221; content_hover_title=&#8221;MALMEDIE-Service vor Ort&#8221; content_hover_image_width=&#8221;80px&#8221; content_hover_content=&#8221;<\/p>\n<p>Wir lassen Sie mit Ihren Anforderungen nicht alleine: Egal ob Reparatur, Umbau oder Austausch von Kupplungen &#8211; unser Service steht Ihnen auf Wunsch vor Ort zur Verf\u00fcgung.<\/p>\n<p>&#8221; use_content_hover_button=&#8221;on&#8221; content_hover_button_text=&#8221;Mehr erfahren&#8221; content_hover_button_link=&#8221;\/de\/service\/service-vor-ort\/&#8221; hover_direction=&#8221;left&#8221; content_hover_bg_color=&#8221;rgba(29,34,73,0.8)&#8221; content_bg_use_color_gradient=&#8221;on&#8221; content_bg_color_gradient_stops=&#8221;rgba(29,34,73,0.8) 0%|rgba(29,34,73,0.8) 100%&#8221; content_bg_color_gradient_overlays_image=&#8221;on&#8221; content_bg_image=&#8221;https:\/\/stage.malmedie.com\/wp-content\/uploads\/2023\/05\/malmedie-service-on-site.jpg&#8221; content_hover_bg_color_gradient_direction=&#8221;360deg&#8221; content_hover_bg_color_gradient_stops=&#8221;#ff4200 0%|rgba(255,66,0,0.5) 100%&#8221; content_hover_bg_color_gradient_overlays_image=&#8221;on&#8221; content_hover_bg_color_gradient_start=&#8221;#ff4200&#8243; content_hover_bg_color_gradient_end=&#8221;rgba(255,66,0,0.5)&#8221; content_hover_bg_enable_image=&#8221;off&#8221; _builder_version=&#8221;4.21.0&#8243; content_title_font=&#8221;Abhaya Libre||||||||&#8221; content_title_text_color=&#8221;#FFFFFF&#8221; content_title_font_size=&#8221;30px&#8221; content_hover_title_font=&#8221;Abhaya Libre|700|||||||&#8221; content_hover_title_text_color=&#8221;#ffffff&#8221; content_hover_title_font_size=&#8221;30px&#8221; content_hover_desc_font=&#8221;Poppins|300|||||||&#8221; content_hover_desc_text_color=&#8221;rgba(255,255,255,0.6)&#8221; content_hover_desc_font_size=&#8221;16px&#8221; content_hover_desc_letter_spacing=&#8221;1px&#8221; content_hover_desc_line_height=&#8221;1.4em&#8221; background_color=&#8221;rgba(0,0,0,0)&#8221; custom_content_hover_button=&#8221;on&#8221; content_hover_button_text_size=&#8221;14px&#8221; content_hover_button_text_color=&#8221;#15022a&#8221; content_hover_button_bg_color=&#8221;#ffffff&#8221; content_hover_button_border_width=&#8221;0px&#8221; content_hover_button_border_color=&#8221;#ffffff&#8221; content_hover_button_border_radius=&#8221;0px&#8221; content_hover_button_letter_spacing=&#8221;1px&#8221; content_hover_button_font=&#8221;|||on|||||&#8221; content_hover_button_use_icon=&#8221;off&#8221; content_hover_button_custom_padding=&#8221;15px|20px|15px|20px|false|false&#8221; width=&#8221;100%&#8221; max_width=&#8221;100%&#8221; custom_css_content_title=&#8221;border: 1px solid #ffffff;||padding: 10px;||max-width: 500px;||margin:auto;&#8221; custom_css_content_hover_description=&#8221;max-width: 500px;||margin: auto;&#8221; content_title_text_shadow_style=&#8221;preset1&#8243; content_title_text_shadow_blur_strength=&#8221;0.33em&#8221; global_colors_info=&#8221;{}&#8221; content_hover_button_border_color__hover_enabled=&#8221;on|desktop&#8221; content_hover_button_border_color__hover=&#8221;#ffffff&#8221; content_hover_button_border_width__hover_enabled=&#8221;off|desktop&#8221; overlay_bg_color_gradient_type_tablet=&#8221;linear&#8221; overlay_bg_color_gradient_type_phone=&#8221;linear&#8221; overlay_bg_color_gradient_type__hover=&#8221;linear&#8221; image_bg_color_gradient_type__hover=&#8221;linear&#8221;][\/dipi_hover_box][\/et_pb_column][et_pb_column type=&#8221;1_2&#8243; _builder_version=&#8221;4.16&#8243; background_enable_image=&#8221;off&#8221; global_colors_info=&#8221;{}&#8221;][dipi_hover_box content_title=&#8221;Planen Sie Ihr Projekt mit MALMEDIE&#8221; content_hover_title=&#8221;Planen Sie Ihr Projekt mit MALMEDIE&#8221; content_hover_image_width=&#8221;80px&#8221; content_hover_content=&#8221;Eine \u00dcbersicht unserer Kataloge als PDF zum Download finden Sie hier.&#8221; use_content_hover_button=&#8221;on&#8221; content_hover_button_text=&#8221;Mehr erfahren&#8221; content_hover_button_link=&#8221;https:\/\/stage.malmedie.com\/de\/service\/downloads\/&#8221; hover_direction=&#8221;right&#8221; content_hover_bg_color=&#8221;rgba(29,34,73,0.8)&#8221; content_bg_use_color_gradient=&#8221;on&#8221; content_bg_color_gradient_stops=&#8221;rgba(29,34,73,0.8) 0%|rgba(29,34,73,0.8) 100%&#8221; content_bg_color_gradient_overlays_image=&#8221;on&#8221; content_bg_image=&#8221;https:\/\/stage.malmedie.com\/wp-content\/uploads\/2023\/05\/engineer-your-project-with-malmedie.jpg&#8221; content_hover_bg_color_gradient_direction=&#8221;360deg&#8221; content_hover_bg_color_gradient_stops=&#8221;#ff4200 0%|rgba(255,66,0,0.5) 100%&#8221; content_hover_bg_color_gradient_overlays_image=&#8221;on&#8221; content_hover_bg_color_gradient_start=&#8221;#ff4200&#8243; content_hover_bg_color_gradient_end=&#8221;rgba(255,66,0,0.5)&#8221; content_hover_bg_enable_image=&#8221;off&#8221; _builder_version=&#8221;4.21.0&#8243; content_title_font=&#8221;Abhaya Libre||||||||&#8221; content_title_text_color=&#8221;#ffffff&#8221; content_title_font_size=&#8221;40px&#8221; content_hover_title_font=&#8221;Abhaya Libre|700|||||||&#8221; content_hover_title_text_color=&#8221;#ffffff&#8221; content_hover_title_font_size=&#8221;30px&#8221; content_hover_desc_font=&#8221;Poppins|300|||||||&#8221; content_hover_desc_text_color=&#8221;rgba(255,255,255,0.6)&#8221; content_hover_desc_font_size=&#8221;16px&#8221; content_hover_desc_letter_spacing=&#8221;1px&#8221; content_hover_desc_line_height=&#8221;1.4em&#8221; background_color=&#8221;rgba(0,0,0,0)&#8221; custom_content_hover_button=&#8221;on&#8221; content_hover_button_text_size=&#8221;14px&#8221; content_hover_button_text_color=&#8221;#15022a&#8221; content_hover_button_bg_color=&#8221;#ffffff&#8221; content_hover_button_border_width=&#8221;0px&#8221; content_hover_button_border_color=&#8221;#ffffff&#8221; content_hover_button_border_radius=&#8221;0px&#8221; content_hover_button_letter_spacing=&#8221;1px&#8221; content_hover_button_font=&#8221;|||on|||||&#8221; content_hover_button_use_icon=&#8221;off&#8221; content_hover_button_custom_padding=&#8221;15px|20px|15px|20px|false|false&#8221; width=&#8221;100%&#8221; max_width=&#8221;100%&#8221; custom_css_content_title=&#8221;border: 1px solid #ffffff;||padding: 10px;||max-width: 500px;||margin:auto;&#8221; custom_css_content_hover_description=&#8221;max-width: 500px;||margin: auto;&#8221; content_title_text_shadow_style=&#8221;preset1&#8243; content_title_text_shadow_blur_strength=&#8221;0.33em&#8221; global_colors_info=&#8221;{}&#8221; content_hover_button_border_color__hover_enabled=&#8221;on|desktop&#8221; content_hover_button_border_color__hover=&#8221;#ffffff&#8221; content_hover_button_border_width__hover_enabled=&#8221;off|desktop&#8221; overlay_bg_color_gradient_type_tablet=&#8221;linear&#8221; overlay_bg_color_gradient_type_phone=&#8221;linear&#8221; overlay_bg_color_gradient_type__hover=&#8221;linear&#8221; image_bg_color_gradient_type__hover=&#8221;linear&#8221;][\/dipi_hover_box][\/et_pb_column][\/et_pb_row][\/et_pb_section][et_pb_section fb_built=&#8221;1&#8243; _builder_version=&#8221;4.21.0&#8243; _module_preset=&#8221;default&#8221; use_background_color_gradient=&#8221;on&#8221; background_color_gradient_stops=&#8221;rgba(29,34,73,0.8) 0%|rgba(29,34,73,0.8) 100%&#8221; background_color_gradient_overlays_image=&#8221;on&#8221; background_image=&#8221;https:\/\/stage.malmedie.com\/wp-content\/uploads\/2023\/05\/service-12-months-extended-warrenty-period.jpg&#8221; custom_margin=&#8221;||10vh||false|false&#8221; custom_margin_tablet=&#8221;||5vh||false|false&#8221; custom_margin_phone=&#8221;||2vh||false|false&#8221; custom_margin_last_edited=&#8221;on|phone&#8221; custom_padding=&#8221;12vh||12vh||true|false&#8221; background_last_edited=&#8221;on|phone&#8221; background_image_phone=&#8221;https:\/\/stage.malmedie.com\/wp-content\/uploads\/2023\/05\/service-12-months-extended-warrenty-period-mobile.jpg&#8221; background_enable_image_phone=&#8221;on&#8221; global_colors_info=&#8221;{}&#8221;][et_pb_row _builder_version=&#8221;4.20.4&#8243; _module_preset=&#8221;default&#8221; global_colors_info=&#8221;{}&#8221;][et_pb_column type=&#8221;4_4&#8243; _builder_version=&#8221;4.20.4&#8243; _module_preset=&#8221;default&#8221; global_colors_info=&#8221;{}&#8221;][et_pb_divider show_divider=&#8221;off&#8221; _builder_version=&#8221;4.21.0&#8243; _module_preset=&#8221;default&#8221; min_height=&#8221;50vh&#8221; min_height_tablet=&#8221;0vh&#8221; min_height_phone=&#8221;0vh&#8221; min_height_last_edited=&#8221;on|tablet&#8221; global_colors_info=&#8221;{}&#8221;][\/et_pb_divider][\/et_pb_column][\/et_pb_row][\/et_pb_section]<\/p>\n","protected":false},"excerpt":{"rendered":"<p>Ein sehr gutes Produkt ist uns nicht genug Erst Service und Beratung bringen das perfekte Gesamtergebnis.12 Monate verl\u00e4ngerte Gew\u00e4hrleistung, wenn bei Neulieferungen der Einbau durch uns durchgef\u00fchrt oder unterst\u00fctzt wurde.<div class=\"et_pb_module dipi_hover_box dipi_hover_box_0\">\n\t\t\t\t\n\t\t\t\t\n\t\t\t\t\n\t\t\t\t\n\t\t\t\t\n\t\t\t\t\n\t\t\t\t<div class=\"et_pb_module_inner\">\n\t\t\t\t\t<div class=\"dipi-hover-box-container dipi-hover-box-slide-top hover_box_align_front_center hover_box_align_back_center\" data-force_square=\"off\">\n                <div class=\"dipi-hover-box-inner-wrapper\">\n                    <div class=\"dipi-hover-box-content\">\n              \n              <div class=\"dipi-hover-box-content-innner\">\n                    \n                    <div class=\"dipi-text\">\n                        <h2 class=\"dipi-hover-box-heading\">\n                    &#8221;MALMEDIE-Service\n                <\/h2>\n                        <div class=\"dipi-desc\"><\/div>\n                    <\/div>\n              <\/div>\n            <\/div>\n            \n                    <div class=\"dipi-hover-box-hover\">\n                \n                <div class=\"dipi-hover-box-hover-innner\">\n                    \n                    <div class=\"dipi-text\">\n                        <h2 class=\"dipi-hover-box-heading\">\n                    &#8221;MALMEDIE-Service\n                <\/h2>\n                        <div class=\"dipi-desc\">\n                    &#8221;Wir\n                <\/div>\n                    <\/div>\n                    \n                <\/div>\n            <\/div>\n                <\/div>\n            <\/div>\n\t\t\t\t<\/div>\n\t\t\t<\/div><\/p>\n","protected":false},"author":1,"featured_media":688,"parent":0,"menu_order":0,"comment_status":"closed","ping_status":"closed","template":"","meta":{"_et_pb_use_builder":"on","_et_pb_old_content":"","_et_gb_content_width":"","footnotes":""},"dipi_cpt_category":[],"_links":{"self":[{"href":"https:\/\/stage.malmedie.com\/de\/wp-json\/wp\/v2\/pages\/684"}],"collection":[{"href":"https:\/\/stage.malmedie.com\/de\/wp-json\/wp\/v2\/pages"}],"about":[{"href":"https:\/\/stage.malmedie.com\/de\/wp-json\/wp\/v2\/types\/page"}],"author":[{"embeddable":true,"href":"https:\/\/stage.malmedie.com\/de\/wp-json\/wp\/v2\/users\/1"}],"replies":[{"embeddable":true,"href":"https:\/\/stage.malmedie.com\/de\/wp-json\/wp\/v2\/comments?post=684"}],"version-history":[{"count":28,"href":"https:\/\/stage.malmedie.com\/de\/wp-json\/wp\/v2\/pages\/684\/revisions"}],"predecessor-version":[{"id":55632,"href":"https:\/\/stage.malmedie.com\/de\/wp-json\/wp\/v2\/pages\/684\/revisions\/55632"}],"wp:featuredmedia":[{"embeddable":true,"href":"https:\/\/stage.malmedie.com\/de\/wp-json\/wp\/v2\/media\/688"}],"wp:attachment":[{"href":"https:\/\/stage.malmedie.com\/de\/wp-json\/wp\/v2\/media?parent=684"}],"wp:term":[{"taxonomy":"dipi_cpt_category","embeddable":true,"href":"https:\/\/stage.malmedie.com\/de\/wp-json\/wp\/v2\/dipi_cpt_category?post=684"}],"curies":[{"name":"wp","href":"https:\/\/api.w.org\/{rel}","templated":true}]}}