{"id":53265,"date":"2023-05-17T08:25:30","date_gmt":"2023-05-17T06:25:30","guid":{"rendered":"http:\/\/malmedie.com.w01d6c22.kasserver.com\/history\/"},"modified":"2023-11-27T10:32:24","modified_gmt":"2023-11-27T09:32:24","slug":"historie","status":"publish","type":"page","link":"https:\/\/stage.malmedie.com\/de\/unternehmen\/historie\/","title":{"rendered":"Historie"},"content":{"rendered":"<p>[et_pb_section fb_built=&#8221;1&#8243; _builder_version=&#8221;4.20.4&#8243; _module_preset=&#8221;2754d5ef-219b-4240-be3e-da9c6e9bdeb9&#8243; bottom_divider_height_tablet=&#8221;50px&#8221; bottom_divider_height_phone=&#8221;20px&#8221; bottom_divider_height_last_edited=&#8221;on|phone&#8221; global_colors_info=&#8221;{}&#8221;][et_pb_row _builder_version=&#8221;4.20.4&#8243; _module_preset=&#8221;default&#8221; global_colors_info=&#8221;{}&#8221;][et_pb_column type=&#8221;4_4&#8243; _builder_version=&#8221;4.20.4&#8243; _module_preset=&#8221;default&#8221; global_colors_info=&#8221;{}&#8221;][et_pb_text module_class=&#8221;silbentrennung&#8221; _builder_version=&#8221;4.23.1&#8243; _module_preset=&#8221;default&#8221; text_font=&#8221;|||on|||||&#8221; text_text_color=&#8221;#51BFF2&#8243; header_font=&#8221;|300||on|||||&#8221; header_text_color=&#8221;#FFFFFF&#8221; hover_enabled=&#8221;0&#8243; global_colors_info=&#8221;{}&#8221; sticky_enabled=&#8221;0&#8243;]<\/p>\n<h1>\u00dcber 90 Jahre Kupplungen von MALMEDIE<sup style=\"font-size: 0.6em;\">\u00ae<\/sup><\/h1>\n<h1 class=\"sub_h1\" style=\"font-weight: 300;\">1926 baute MALMEDIE<sup style=\"font-size: 0.6em;\">\u00ae<\/sup> die erste Kupplung und legte damit den Grundstein f\u00fcr eine Erfolgsgeschichte.<\/h1>\n<p>[\/et_pb_text][\/et_pb_column][\/et_pb_row][et_pb_row module_class=&#8221;lem-inline-buttons&#8221; _builder_version=&#8221;4.23.1&#8243; _module_preset=&#8221;default&#8221; saved_tabs=&#8221;all&#8221; global_colors_info=&#8221;{}&#8221; global_module=&#8221;55503&#8243; theme_builder_area=&#8221;post_content&#8221;][et_pb_column type=&#8221;4_4&#8243; _builder_version=&#8221;4.20.4&#8243; _module_preset=&#8221;default&#8221; global_colors_info=&#8221;{}&#8221; theme_builder_area=&#8221;post_content&#8221;][et_pb_button button_url=&#8221;https:\/\/stage.malmedie.com\/de\/service\/anfrage\/&#8221; button_text=&#8221;Abfrage schicken&#8221; button_alignment_tablet=&#8221;&#8221; button_alignment_phone=&#8221;&#8221; button_alignment_last_edited=&#8221;on|phone&#8221; _builder_version=&#8221;4.23.1&#8243; _module_preset=&#8221;default&#8221; custom_button=&#8221;on&#8221; button_text_color=&#8221;#FFFFFF&#8221; button_bg_color=&#8221;#51BFF2&#8243; button_border_color=&#8221;#51BFF2&#8243; button_border_radius=&#8221;70px&#8221; button_icon=&#8221;&#x35;||divi||400&#8243; button_on_hover=&#8221;off&#8221; custom_margin=&#8221;|2%|||false|false&#8221; custom_padding=&#8221;|45px||30px|false|false&#8221; global_colors_info=&#8221;{}&#8221; custom_css_main_element_last_edited=&#8221;on|tablet&#8221; custom_css_main_element_phone=&#8221;width:100%!important;&#8221; theme_builder_area=&#8221;post_content&#8221;][\/et_pb_button][et_pb_button button_url=&#8221;https:\/\/stage.malmedie.com\/de\/meeting\/&#8221; button_text=&#8221;Meeting vereinbaren&#8221; button_alignment_tablet=&#8221;&#8221; button_alignment_phone=&#8221;&#8221; button_alignment_last_edited=&#8221;on|phone&#8221; _builder_version=&#8221;4.23.1&#8243; _module_preset=&#8221;default&#8221; custom_button=&#8221;on&#8221; button_text_color=&#8221;#FFFFFF&#8221; button_bg_color=&#8221;#51BFF2&#8243; button_border_color=&#8221;#51BFF2&#8243; button_border_radius=&#8221;70px&#8221; button_icon=&#8221;&#x35;||divi||400&#8243; button_on_hover=&#8221;off&#8221; custom_padding=&#8221;|45px||30px|false|false&#8221; global_colors_info=&#8221;{}&#8221; custom_css_main_element_last_edited=&#8221;on|phone&#8221; custom_css_main_element_phone=&#8221;width: 100%!important;&#8221; theme_builder_area=&#8221;post_content&#8221;][\/et_pb_button][\/et_pb_column][\/et_pb_row][\/et_pb_section][et_pb_section fb_built=&#8221;1&#8243; custom_padding_last_edited=&#8221;on|tablet&#8221; _builder_version=&#8221;4.21.0&#8243; background_enable_color=&#8221;off&#8221; background_enable_image=&#8221;off&#8221; custom_padding=&#8221;120px||120px|||&#8221; custom_padding_tablet=&#8221;80px||80px||false|false&#8221; custom_padding_phone=&#8221;60px||60px||false|false&#8221; global_colors_info=&#8221;{}&#8221; transform_styles__hover_enabled=&#8221;off|desktop&#8221; transform_scale__hover_enabled=&#8221;off|desktop&#8221; transform_translate__hover_enabled=&#8221;off|desktop&#8221; transform_rotate__hover_enabled=&#8221;off|desktop&#8221; transform_skew__hover_enabled=&#8221;off|desktop&#8221; transform_origin__hover_enabled=&#8221;off|desktop&#8221;][et_pb_row make_equal=&#8221;on&#8221; _builder_version=&#8221;4.16&#8243; background_enable_color=&#8221;off&#8221; width=&#8221;85%&#8221; width_tablet=&#8221;90%&#8221; width_phone=&#8221;&#8221; width_last_edited=&#8221;on|phone&#8221; max_width=&#8221;1450px&#8221; module_alignment=&#8221;center&#8221; custom_padding=&#8221;||||false|false&#8221; collapsed=&#8221;off&#8221; global_colors_info=&#8221;{}&#8221;][et_pb_column type=&#8221;4_4&#8243; module_class=&#8221;dp-vertical-align&#8221; _builder_version=&#8221;4.16&#8243; global_colors_info=&#8221;{}&#8221;][dipi_timeline timeline_line_color=&#8221;#00B0F0&#8243; timeline_active_line_color=&#8221;#1D2249&#8243; card_arrow_color=&#8221;#ffffff&#8221; line_area_size_tablet=&#8221;70px&#8221; line_area_size_phone=&#8221;70px&#8221; line_area_size_last_edited=&#8221;on|phone&#8221; _builder_version=&#8221;4.21.0&#8243; _module_preset=&#8221;default&#8221; width=&#8221;100%&#8221; max_width=&#8221;100%&#8221; global_colors_info=&#8221;{}&#8221;][dipi_timeline_item admin_label=&#8221;2021&#8243; ribbon=&#8221;2021&#8243; title=&#8221;2021&#8243; card_margin_tablet=&#8221;&#8221; card_margin_phone=&#8221;||||false|false&#8221; card_margin_last_edited=&#8221;on|desktop&#8221; _builder_version=&#8221;4.21.0&#8243; _module_preset=&#8221;default&#8221; header_level=&#8221;h3&#8243; body_font_size=&#8221;15px&#8221; body_line_height=&#8221;1.6em&#8221; ribbon_text_line_height_tablet=&#8221;&#8221; ribbon_text_line_height_phone=&#8221;1.4em&#8221; ribbon_text_line_height_last_edited=&#8221;on|phone&#8221; box_shadow_color=&#8221;rgba(21,2,42,0.09)&#8221; global_colors_info=&#8221;{}&#8221; ribbon_circle_color__hover_enabled=&#8221;on|hover&#8221; ribbon_circle_color__hover=&#8221;#1D2249&#8243;]M.A.T. Malmedie Antriebstechnik GmbH entwickelt, fertigt und vertreibt am Standort Solingen Zahnkupplungen, Tonnenkupplungen und Sicherheitskupplungen. Im Wesentlichen f\u00fcr die Stahlindustrie, den Kranbau, den Bergbau und den allgemeinen Schwermaschinenbau. Rund 65% der gefertigten Produkte gehen in den Export.[\/dipi_timeline_item][dipi_timeline_item admin_label=&#8221;Meilenstein 2021&#8243; ribbon=&#8221;2021&#8243; title=&#8221;Meilenstein 2021&#8243; image=&#8221;https:\/\/stage.malmedie.com\/wp-content\/uploads\/2023\/05\/milestone-2021-award.jpg&#8221; _builder_version=&#8221;4.21.0&#8243; _module_preset=&#8221;default&#8221; header_level=&#8221;h3&#8243; body_font_size=&#8221;15px&#8221; body_line_height=&#8221;1.6em&#8221; box_shadow_color=&#8221;rgba(21,2,42,0.09)&#8221; global_colors_info=&#8221;{}&#8221; ribbon_circle_color__hover_enabled=&#8221;on|hover&#8221; ribbon_circle_color__hover=&#8221;#1D2249&#8243;]<strong>MALMEDIE ist \u201cTOP-Innovator 2021\u201d<\/strong><br \/>\nNach 2018 geh\u00f6rt MALMEDIE<sup style=\"font-size: 0.6em\">\u00ae<\/sup> erneut zu den TOP 100 der innovativsten Mittelst\u00e4ndler Deutschlands. Die Auszeichnung wird durch den Mentor der TOP 100, Rangar Yogeshwar, im Rahmen des Deutschen Mittelstands-Summit in Ludwigsburg erfolgen (Bild: 2018).[\/dipi_timeline_item][dipi_timeline_item admin_label=&#8221;Meilenstein 2016&#8243; ribbon=&#8221;2016&#8243; title=&#8221;Meilenstein 2016&#8243; image=&#8221;https:\/\/stage.malmedie.com\/wp-content\/uploads\/2023\/05\/milestone-2016.jpg&#8221; _builder_version=&#8221;4.21.0&#8243; _module_preset=&#8221;default&#8221; header_level=&#8221;h3&#8243; body_font_size=&#8221;15px&#8221; body_line_height=&#8221;1.6em&#8221; box_shadow_color=&#8221;rgba(21,2,42,0.09)&#8221; global_colors_info=&#8221;{}&#8221; ribbon_circle_color__hover_enabled=&#8221;on|hover&#8221; ribbon_circle_color__hover=&#8221;#1D2249&#8243;]<\/p>\n<p><strong>MALMEDIE<sup style=\"font-size: 0.6em;\">\u00ae<\/sup> goes USA<\/strong><br \/>Seit Anfang 2016 k\u00f6nnen unsere amerikanischen Kunden ganz komfortabel \u00fcber unsere neu gegr\u00fcndete Tochtergesellschaft MALMEDIE INC. in Allentown \/ Pennsylvania anfragen und einkaufen.<\/p>\n<p>[\/dipi_timeline_item][dipi_timeline_item admin_label=&#8221;2017&#8243; ribbon=&#8221;2017&#8243; title=&#8221;2017&#8243; _builder_version=&#8221;4.21.0&#8243; _module_preset=&#8221;default&#8221; header_level=&#8221;h3&#8243; body_font_size=&#8221;15px&#8221; body_line_height=&#8221;1.6em&#8221; box_shadow_color=&#8221;rgba(21,2,42,0.09)&#8221; global_colors_info=&#8221;{}&#8221; ribbon_circle_color__hover_enabled=&#8221;on|hover&#8221; ribbon_circle_color__hover=&#8221;#1D2249&#8243;]MALMEDIE<sup style=\"font-size: 0.6em\">\u00ae<\/sup> entwickelt sich mit \u00fcber 30 nationalen und internationalen Patenten und Patentanmeldungen zu einem der innovativsten Unternehmen in der Kupplungstechnik.[\/dipi_timeline_item][dipi_timeline_item admin_label=&#8221;Meilenstein 2005&#8243; ribbon=&#8221;2005&#8243; title=&#8221;Meilenstein 2005&#8243; image=&#8221;https:\/\/stage.malmedie.com\/wp-content\/uploads\/2023\/05\/milestone-2005.jpg&#8221; _builder_version=&#8221;4.21.0&#8243; _module_preset=&#8221;default&#8221; header_level=&#8221;h3&#8243; body_font_size=&#8221;15px&#8221; body_line_height=&#8221;1.6em&#8221; box_shadow_color=&#8221;rgba(21,2,42,0.09)&#8221; global_colors_info=&#8221;{}&#8221; ribbon_circle_color__hover_enabled=&#8221;on|hover&#8221; ribbon_circle_color__hover=&#8221;#1D2249&#8243;]<\/p>\n<p><strong>SOS Snag Overload System f\u00fcr Containerkrane<\/strong><br \/>Eine mechanische Sicherheits-Kupplung von MALMEDIE<sup style=\"font-size: 0.6em;\">\u00ae<\/sup> trennt innerhalb einer Millisekunde bei \u00dcberlast (Snag) den Motor vom Getriebe. Das SOS Snag Overload System ist das erste Kupplung \/ Bremse basierende Snag-Schutz System.<\/p>\n<p>[\/dipi_timeline_item][dipi_timeline_item admin_label=&#8221;2003&#8243; ribbon=&#8221;2003&#8243; title=&#8221;2003&#8243; _builder_version=&#8221;4.21.0&#8243; _module_preset=&#8221;default&#8221; header_level=&#8221;h3&#8243; body_font_size=&#8221;15px&#8221; body_line_height=&#8221;1.6em&#8221; box_shadow_color=&#8221;rgba(21,2,42,0.09)&#8221; global_colors_info=&#8221;{}&#8221; ribbon_circle_color__hover_enabled=&#8221;on|hover&#8221; ribbon_circle_color__hover=&#8221;#1D2249&#8243;]Dr. Rahim Gro\u00df ist Eigent\u00fcmer der M.A.T. Malmedie Antriebstechnik GmbH.[\/dipi_timeline_item][dipi_timeline_item admin_label=&#8221;1994&#8243; ribbon=&#8221;1994&#8243; title=&#8221;1994&#8243; _builder_version=&#8221;4.21.0&#8243; _module_preset=&#8221;default&#8221; header_level=&#8221;h3&#8243; body_font_size=&#8221;15px&#8221; body_line_height=&#8221;1.6em&#8221; box_shadow_color=&#8221;rgba(21,2,42,0.09)&#8221; global_colors_info=&#8221;{}&#8221; ribbon_circle_color__hover_enabled=&#8221;on|hover&#8221; ribbon_circle_color__hover=&#8221;#1D2249&#8243;]Neubau der Verwaltungs- und Produktionsgeb\u00e4ude in Solingen, Umzug an den neuen Standort im Dycker Feld.[\/dipi_timeline_item][dipi_timeline_item admin_label=&#8221;1985&#8243; ribbon=&#8221;1985&#8243; title=&#8221;1985&#8243; _builder_version=&#8221;4.21.0&#8243; _module_preset=&#8221;default&#8221; header_level=&#8221;h3&#8243; body_font_size=&#8221;15px&#8221; body_line_height=&#8221;1.6em&#8221; box_shadow_color=&#8221;rgba(21,2,42,0.09)&#8221; global_colors_info=&#8221;{}&#8221; ribbon_circle_color__hover_enabled=&#8221;on|hover&#8221; ribbon_circle_color__hover=&#8221;#1D2249&#8243;]Fusion der &#8220;Malmedie &#038; Co Maschinenfabrik GmbH&#8221; mit der &#8220;Rheinmetall Maschinenbau GmbH&#8221;.[\/dipi_timeline_item][dipi_timeline_item admin_label=&#8221;1984&#8243; ribbon=&#8221;1984&#8243; title=&#8221;1984&#8243; _builder_version=&#8221;4.21.0&#8243; _module_preset=&#8221;default&#8221; header_level=&#8221;h3&#8243; body_font_size=&#8221;15px&#8221; body_line_height=&#8221;1.6em&#8221; box_shadow_color=&#8221;rgba(21,2,42,0.09)&#8221; global_colors_info=&#8221;{}&#8221; ribbon_circle_color__hover_enabled=&#8221;on|hover&#8221; ribbon_circle_color__hover=&#8221;#1D2249&#8243;]Verkauf der M.A.T. Malmedie Antriebstechnik GmbH an Horst Heinrich Altenhein.[\/dipi_timeline_item][dipi_timeline_item admin_label=&#8221;Meilenstein 1981&#8243; ribbon=&#8221;1981&#8243; title=&#8221;Meilenstein 1981&#8243; image=&#8221;https:\/\/stage.malmedie.com\/wp-content\/uploads\/2023\/05\/milestone-1981.jpg&#8221; _builder_version=&#8221;4.21.0&#8243; _module_preset=&#8221;default&#8221; header_level=&#8221;h3&#8243; body_font_size=&#8221;15px&#8221; body_line_height=&#8221;1.6em&#8221; box_shadow_color=&#8221;rgba(21,2,42,0.09)&#8221; global_colors_info=&#8221;{}&#8221; ribbon_circle_color__hover_enabled=&#8221;on|hover&#8221; ribbon_circle_color__hover=&#8221;#1D2249&#8243;]<\/p>\n<p><strong>Gr\u00fcndung der M.A.T. Malmedie Antriebstechnik GmbH<\/strong><br \/>\u2026 und \u00dcbernahme des Kupplungsbaus der Malmedie &amp; Co. Maschinenfabrik. Der Bau von sonstigen Maschinen unter dem Namen \u201eMALMEDIE<sup style=\"font-size: 0.6em;\">\u00ae<\/sup>\u201d wird eingestellt.<\/p>\n<p>[\/dipi_timeline_item][dipi_timeline_item admin_label=&#8221;1981&#8243; ribbon=&#8221;1981&#8243; title=&#8221;03.12.1981&#8243; _builder_version=&#8221;4.21.0&#8243; _module_preset=&#8221;default&#8221; header_level=&#8221;h3&#8243; body_font_size=&#8221;15px&#8221; body_line_height=&#8221;1.6em&#8221; box_shadow_color=&#8221;rgba(21,2,42,0.09)&#8221; global_colors_info=&#8221;{}&#8221; ribbon_circle_color__hover_enabled=&#8221;on|hover&#8221; ribbon_circle_color__hover=&#8221;#1D2249&#8243;]Die M.A.T. Malmedie Antriebstechnik GmbH wird gegr\u00fcndet und \u00fcbernimmt den Kupplungsbau der Malmedie &#038; Co Maschinenfabrik.[\/dipi_timeline_item][dipi_timeline_item admin_label=&#8221;1972&#8243; ribbon=&#8221;1972&#8243; title=&#8221;1972&#8243; _builder_version=&#8221;4.21.0&#8243; _module_preset=&#8221;default&#8221; header_level=&#8221;h3&#8243; body_font_size=&#8221;15px&#8221; body_line_height=&#8221;1.6em&#8221; box_shadow_color=&#8221;rgba(21,2,42,0.09)&#8221; global_colors_info=&#8221;{}&#8221; ribbon_circle_color__hover_enabled=&#8221;on|hover&#8221; ribbon_circle_color__hover=&#8221;#1D2249&#8243;]Die Malmedie &#038; Co Maschinenfabrik GmbH wird ein Unternehmen der Rheinmetall-Gruppe. MALMEDIE<sup style=\"font-size: 0.6em\">\u00ae<\/sup> fertigt mit \u00fcber 500 Mitarbeitern Quertransportpressen und Vollautomaten f\u00fcr die Massivumformung, Kugel- und Rollenpressen, Ziehmaschinen f\u00fcr Dr\u00e4hte und Rohre, Richt- und Abschneidemaschinen sowie mechanische Kupplungen f\u00fcr die Antriebtechnik. 50% der gefertigten Produkte gehen in den Export.[\/dipi_timeline_item][dipi_timeline_item admin_label=&#8221;Meilenstein 1958&#8243; ribbon=&#8221;1958&#8243; title=&#8221;Meilenstein 1958&#8243; image=&#8221;https:\/\/stage.malmedie.com\/wp-content\/uploads\/2023\/05\/milestone-1958.jpg&#8221; _builder_version=&#8221;4.21.0&#8243; _module_preset=&#8221;default&#8221; header_level=&#8221;h3&#8243; body_font_size=&#8221;15px&#8221; body_line_height=&#8221;1.6em&#8221; box_shadow_color=&#8221;rgba(21,2,42,0.09)&#8221; global_colors_info=&#8221;{}&#8221; ribbon_circle_color__hover_enabled=&#8221;on|hover&#8221; ribbon_circle_color__hover=&#8221;#1D2249&#8243;]<\/p>\n<p><strong>Tonnenkupplungen<\/strong><br \/>Entwicklung und Markteinf\u00fchrung der Tonnenkupplung als Seiltrommel-Gelenkverbindung \u2013 heute ein weltweiter Standard!<\/p>\n<p>[\/dipi_timeline_item][dipi_timeline_item admin_label=&#8221;1950&#8243; ribbon=&#8221;1950&#8243; title=&#8221;24.05.1950&#8243; _builder_version=&#8221;4.21.0&#8243; _module_preset=&#8221;default&#8221; header_level=&#8221;h3&#8243; body_font_size=&#8221;15px&#8221; body_line_height=&#8221;1.6em&#8221; box_shadow_color=&#8221;rgba(21,2,42,0.09)&#8221; global_colors_info=&#8221;{}&#8221; ribbon_circle_color__hover_enabled=&#8221;on|hover&#8221; ribbon_circle_color__hover=&#8221;#1D2249&#8243;]Umwandlung der Malmedie &#038; Co Maschinenfabrik von einer Aktiengesellschaft in eine GmbH.[\/dipi_timeline_item][dipi_timeline_item admin_label=&#8221;1948&#8243; ribbon=&#8221;1948&#8243; title=&#8221;1948&#8243; _builder_version=&#8221;4.21.0&#8243; _module_preset=&#8221;default&#8221; header_level=&#8221;h3&#8243; body_font_size=&#8221;15px&#8221; body_line_height=&#8221;1.6em&#8221; box_shadow_color=&#8221;rgba(21,2,42,0.09)&#8221; global_colors_info=&#8221;{}&#8221; ribbon_circle_color__hover_enabled=&#8221;on|hover&#8221; ribbon_circle_color__hover=&#8221;#1D2249&#8243;]MALMEDIE<sup style=\"font-size: 0.6em;\">\u00ae<\/sup> erh\u00e4lt die Produktionserlaubnis.[\/dipi_timeline_item][dipi_timeline_item admin_label=&#8221;1947&#8243; ribbon=&#8221;1947&#8243; title=&#8221;1947&#8243; _builder_version=&#8221;4.21.0&#8243; _module_preset=&#8221;default&#8221; header_level=&#8221;h3&#8243; body_font_size=&#8221;15px&#8221; body_line_height=&#8221;1.6em&#8221; box_shadow_color=&#8221;rgba(21,2,42,0.09)&#8221; global_colors_info=&#8221;{}&#8221; ribbon_circle_color__hover_enabled=&#8221;on|hover&#8221; ribbon_circle_color__hover=&#8221;#1D2249&#8243;]Wiederaufbau der Verwaltungs- und Produktionsgeb\u00e4ude.[\/dipi_timeline_item][dipi_timeline_item admin_label=&#8221;1945&#8243; ribbon=&#8221;1945&#8243; title=&#8221;1945&#8243; _builder_version=&#8221;4.21.0&#8243; _module_preset=&#8221;default&#8221; header_level=&#8221;h3&#8243; body_font_size=&#8221;15px&#8221; body_line_height=&#8221;1.6em&#8221; box_shadow_color=&#8221;rgba(21,2,42,0.09)&#8221; global_colors_info=&#8221;{}&#8221; ribbon_circle_color__hover_enabled=&#8221;on|hover&#8221; ribbon_circle_color__hover=&#8221;#1D2249&#8243;]Der gr\u00f6\u00dfte Teil der Verwaltungs- und Produktionsgeb\u00e4ude ist durch den 2. Weltkrieg vernichtet.[\/dipi_timeline_item][dipi_timeline_item admin_label=&#8221;1930&#8243; ribbon=&#8221;1930&#8243; title=&#8221;1930&#8243; _builder_version=&#8221;4.21.0&#8243; _module_preset=&#8221;default&#8221; header_level=&#8221;h3&#8243; body_font_size=&#8221;15px&#8221; body_line_height=&#8221;1.6em&#8221; box_shadow_color=&#8221;rgba(21,2,42,0.09)&#8221; global_colors_info=&#8221;{}&#8221; ribbon_circle_color__hover_enabled=&#8221;on|hover&#8221; ribbon_circle_color__hover=&#8221;#1D2249&#8243;]Als Folge der Weltwirtschaftskrise werden die Br\u00fcder Kieserling aus Solingen neue Eigent\u00fcmer. Die Belegschaft wird nennenswert reduziert und der Standort an die K\u00f6nigsberger Str. in D\u00fcsseldorf verlegt. Spezial-Ziehmaschinen nach amerikanischen Lizenzen und Sonderkupplungen werden neu ins Lieferprogramm aufgenommen.[\/dipi_timeline_item][dipi_timeline_item admin_label=&#8221;Meilenstein 1926&#8243; ribbon=&#8221;1926&#8243; title=&#8221;Meilenstein 1926&#8243; image=&#8221;https:\/\/stage.malmedie.com\/wp-content\/uploads\/2023\/05\/milestone-1926.jpg&#8221; _builder_version=&#8221;4.21.0&#8243; _module_preset=&#8221;default&#8221; header_level=&#8221;h3&#8243; body_font_size=&#8221;15px&#8221; body_line_height=&#8221;1.6em&#8221; box_shadow_color=&#8221;rgba(21,2,42,0.09)&#8221; global_colors_info=&#8221;{}&#8221; ribbon_circle_color__hover_enabled=&#8221;on|hover&#8221; ribbon_circle_color__hover=&#8221;#1D2249&#8243;]<\/p>\n<p><strong>Start der Kupplungsproduktion<\/strong><br \/>Zun\u00e4chst mit Lizenzfertigung der englischen Bibby-Kupplung und schon bald mit eigenen Konstruktionen von z.B. Zahnkupplungen.<\/p>\n<p>[\/dipi_timeline_item][dipi_timeline_item admin_label=&#8221;1926&#8243; ribbon=&#8221;1926&#8243; title=&#8221;1926&#8243; _builder_version=&#8221;4.21.0&#8243; _module_preset=&#8221;default&#8221; header_level=&#8221;h3&#8243; body_font_size=&#8221;15px&#8221; body_line_height=&#8221;1.6em&#8221; box_shadow_color=&#8221;rgba(21,2,42,0.09)&#8221; global_colors_info=&#8221;{}&#8221; ribbon_circle_color__hover_enabled=&#8221;on|hover&#8221; ribbon_circle_color__hover=&#8221;#1D2249&#8243;]Start der Kupplungsproduktion mit der Lizenzfertigung der englischen Bibby-Kupplung.[\/dipi_timeline_item][dipi_timeline_item admin_label=&#8221;1923&#8243; ribbon=&#8221;1923&#8243; title=&#8221;1923&#8243; _builder_version=&#8221;4.21.0&#8243; _module_preset=&#8221;default&#8221; header_level=&#8221;h3&#8243; body_font_size=&#8221;15px&#8221; body_line_height=&#8221;1.6em&#8221; box_shadow_color=&#8221;rgba(21,2,42,0.09)&#8221; global_colors_info=&#8221;{}&#8221; ribbon_circle_color__hover_enabled=&#8221;on|hover&#8221; ribbon_circle_color__hover=&#8221;#1D2249&#8243;]Produktion von Maschinen f\u00fcr die Drahtverarbeitung und Ziehb\u00e4nke f\u00fcr St\u00e4be und Rohre mit 1200 Mitarbeitern.[\/dipi_timeline_item][dipi_timeline_item admin_label=&#8221;Meilenstein 1899&#8243; ribbon=&#8221;1899&#8243; title=&#8221;Meilenstein 1899&#8243; image=&#8221;https:\/\/stage.malmedie.com\/wp-content\/uploads\/2023\/05\/milestone-1899.jpg&#8221; _builder_version=&#8221;4.21.0&#8243; _module_preset=&#8221;default&#8221; header_level=&#8221;h3&#8243; body_font_size=&#8221;15px&#8221; body_line_height=&#8221;1.6em&#8221; box_shadow_color=&#8221;rgba(21,2,42,0.09)&#8221; global_colors_info=&#8221;{}&#8221; ribbon_circle_color__hover_enabled=&#8221;on|hover&#8221; ribbon_circle_color__hover=&#8221;#1D2249&#8243;]<strong>MALMEDIE<sup style=\"font-size: 0.6em;\">\u00ae<\/sup> wird Aktiengesellschaft<\/strong><br \/>\nUmwandlung der Malmedie &#038; Cie. Maschinenfabrik in eine Aktiengesellschaft (Malmedie &#038; Co. AG)[\/dipi_timeline_item][dipi_timeline_item admin_label=&#8221;1899&#8243; ribbon=&#8221;1899&#8243; title=&#8221;17.08.1899&#8243; _builder_version=&#8221;4.21.0&#8243; _module_preset=&#8221;default&#8221; header_level=&#8221;h3&#8243; body_font_size=&#8221;15px&#8221; body_line_height=&#8221;1.6em&#8221; box_shadow_color=&#8221;rgba(21,2,42,0.09)&#8221; global_colors_info=&#8221;{}&#8221; ribbon_circle_color__hover_enabled=&#8221;on|hover&#8221; ribbon_circle_color__hover=&#8221;#1D2249&#8243;]Umwandlung in eine Aktiengesellschaft (Malmedie &#038; Co AG) mit einem Kapital von 1,3 Millionen Goldmark.[\/dipi_timeline_item][dipi_timeline_item admin_label=&#8221;1973&#8243; ribbon=&#8221;1973&#8243; title=&#8221;15.09.1873&#8243; _builder_version=&#8221;4.21.0&#8243; _module_preset=&#8221;default&#8221; header_level=&#8221;h3&#8243; body_font_size=&#8221;15px&#8221; body_line_height=&#8221;1.6em&#8221; box_shadow_color=&#8221;rgba(21,2,42,0.09)&#8221; global_colors_info=&#8221;{}&#8221; ribbon_circle_color__hover_enabled=&#8221;on|hover&#8221; ribbon_circle_color__hover=&#8221;#1D2249&#8243;]Gr\u00fcndung der Malmedie &#038; Cie. Maschinenfabrik durch Johann Josef Malmedie und Karl August Schmitz. Produktion von Kaltpressen und Drahtziehmaschinen mit 25 Mitarbeitern in D\u00fcsseldorf-Oberbilk.[\/dipi_timeline_item][\/dipi_timeline][\/et_pb_column][\/et_pb_row][\/et_pb_section]<\/p>\n","protected":false},"excerpt":{"rendered":"<p>\u00dcber 90 Jahre Kupplungen von MALMEDIE\u00ae 1926 baute MALMEDIE\u00ae die erste Kupplung und legte damit den Grundstein f\u00fcr eine Erfolgsgeschichte.<div class=\"et_pb_module dipi_timeline dipi_timeline_0\">\n\t\t\t\t\n\t\t\t\t\n\t\t\t\t\n\t\t\t\t\n\t\t\t\t\n\t\t\t\t\n\t\t\t\t<div class=\"et_pb_module_inner\">\n\t\t\t\t\t<div class=\"dipi_timeline_custom_classes dipi_timeline_layout_mixed dipi_timeline_layout_right_tablet dipi_timeline_layout_right_phone startpos-left dipi_timeline_show-card-arrow\">\n        <div class=\"dipi_timeline_container\">\n          <div class=\"dipi-timeline-items\"><\/div>\n          <div class=\"dipi-timeline-line\"><\/div><div class=\"dipi-timeline-line__active\"><\/div>\n        <\/div>\n      <\/div>\n      \n\t\t\t\t<\/div>\n\t\t\t<\/div><div class=\"et_pb_module dipi_timeline_item dipi_timeline_item_0\">\n\t\t\t\t\n\t\t\t\t\n\t\t\t\t\n\t\t\t\t\n\t\t\t\t\n\t\t\t\t\n\t\t\t\t<div class=\"et_pb_module_inner\">\n\t\t\t\t\t<div class=\"dipi_timeline_item_custom_classes dipi_timeline_item_position_top et_pb_bg_layout_ \" data-config=\"{&quot;anim_name&quot;:&quot;fadeIn&quot;,&quot;anim_start_viewport&quot;:&quot;75%&quot;} \">\n        <div class=\"dipi_timeline_item_container\">\n          <div class=\"dipi_timeline_ribbon\"><span class=\"dipi_timeline_ribbon_text\">2021<\/span><\/div>\n          <div class=\"et_pb_image_wrap ribbon-icon-wrap\"><span class=\"et_pb_icon_wrap\"><span class=\"ribbon-icon ribbon-icon-circle\">L<\/span><\/span><\/div>\n          <div class=\"dipi_timeline_item_card-wrap  need_animation \">\n            <div class=\"dipi_timeline_item_card\">\n              \n              <div class=\"dipi_timeline_item_content\">\n                <div class=\"dipi_timeline_ribbon\"><span class=\"dipi_timeline_ribbon_text\">2021<\/span><\/div>\n                <div class=\"dipi_timeline_item_content_text\">\n                  <h3 class=\"dipi_timeline_item_header\"><span>2021<\/span><\/h3>\n                  \n                <\/div>\n                \n              <\/div> <!-- .dipi_timeline_item_content -->\n            <\/div> <!-- .dipi_timeline_item_card -->\n          <\/div>\n        <\/div>\n      <\/div>\n\t\t\n\t\t\t\t<\/div>\n\t\t\t<\/div>M.A.T. Malmedie Antriebstechnik GmbH entwickelt, fertigt und [&hellip;]<\/p>\n","protected":false},"author":1,"featured_media":0,"parent":53594,"menu_order":0,"comment_status":"closed","ping_status":"closed","template":"","meta":{"_et_pb_use_builder":"on","_et_pb_old_content":"","_et_gb_content_width":"","footnotes":""},"dipi_cpt_category":[],"_links":{"self":[{"href":"https:\/\/stage.malmedie.com\/de\/wp-json\/wp\/v2\/pages\/53265"}],"collection":[{"href":"https:\/\/stage.malmedie.com\/de\/wp-json\/wp\/v2\/pages"}],"about":[{"href":"https:\/\/stage.malmedie.com\/de\/wp-json\/wp\/v2\/types\/page"}],"author":[{"embeddable":true,"href":"https:\/\/stage.malmedie.com\/de\/wp-json\/wp\/v2\/users\/1"}],"replies":[{"embeddable":true,"href":"https:\/\/stage.malmedie.com\/de\/wp-json\/wp\/v2\/comments?post=53265"}],"version-history":[{"count":7,"href":"https:\/\/stage.malmedie.com\/de\/wp-json\/wp\/v2\/pages\/53265\/revisions"}],"predecessor-version":[{"id":55658,"href":"https:\/\/stage.malmedie.com\/de\/wp-json\/wp\/v2\/pages\/53265\/revisions\/55658"}],"up":[{"embeddable":true,"href":"https:\/\/stage.malmedie.com\/de\/wp-json\/wp\/v2\/pages\/53594"}],"wp:attachment":[{"href":"https:\/\/stage.malmedie.com\/de\/wp-json\/wp\/v2\/media?parent=53265"}],"wp:term":[{"taxonomy":"dipi_cpt_category","embeddable":true,"href":"https:\/\/stage.malmedie.com\/de\/wp-json\/wp\/v2\/dipi_cpt_category?post=53265"}],"curies":[{"name":"wp","href":"https:\/\/api.w.org\/{rel}","templated":true}]}}