{"id":518,"date":"2023-04-10T14:53:19","date_gmt":"2023-04-10T12:53:19","guid":{"rendered":"http:\/\/malmedie.com.w01d6c22.kasserver.com\/home\/"},"modified":"2023-11-26T17:01:52","modified_gmt":"2023-11-26T16:01:52","slug":"home-2","status":"publish","type":"page","link":"https:\/\/stage.malmedie.com\/de\/","title":{"rendered":"Home"},"content":{"rendered":"<p>[et_pb_section fb_built=&#8221;1&#8243; custom_padding_last_edited=&#8221;on|phone&#8221; next_background_color=&#8221;#ffffff&#8221; _builder_version=&#8221;4.20.4&#8243; _module_preset=&#8221;default&#8221; background_image=&#8221;https:\/\/stage.malmedie.com\/wp-content\/uploads\/2023\/04\/malmedie-header-bg-1.jpg&#8221; background_position=&#8221;top_center&#8221; custom_margin=&#8221;||||false|false&#8221; custom_padding=&#8221;20vh||30vh||false|false&#8221; custom_padding_tablet=&#8221;10vh||10vh||false|false&#8221; custom_padding_phone=&#8221;10vh||10vh||false|false&#8221; bottom_divider_style=&#8221;curve&#8221; bottom_divider_flip=&#8221;horizontal|vertical&#8221; bottom_divider_height_tablet=&#8221;50px&#8221; bottom_divider_height_phone=&#8221;20px&#8221; bottom_divider_height_last_edited=&#8221;on|phone&#8221; global_colors_info=&#8221;{}&#8221;][et_pb_row _builder_version=&#8221;4.20.4&#8243; _module_preset=&#8221;default&#8221; global_colors_info=&#8221;{}&#8221;][et_pb_column type=&#8221;4_4&#8243; _builder_version=&#8221;4.20.4&#8243; _module_preset=&#8221;default&#8221; global_colors_info=&#8221;{}&#8221;][et_pb_text module_class=&#8221;silbentrennung&#8221; _builder_version=&#8221;4.20.4&#8243; _module_preset=&#8221;default&#8221; text_font=&#8221;|||on|||||&#8221; text_text_color=&#8221;#51BFF2&#8243; header_font=&#8221;|300||on|||||&#8221; header_text_color=&#8221;#FFFFFF&#8221; global_colors_info=&#8221;{}&#8221;]<\/p>\n<h1>Antriebstechnologie<\/h1>\n<h1 class=\"sub_h1\" style=\"font-weight: 300;\">F\u00fcr die Industrie von morgen<\/h1>\n<p>&nbsp;<\/p>\n<p class=\"sub_p\">Zuverl\u00e4ssig seit 150 Jahren<\/p>\n<p>[\/et_pb_text][\/et_pb_column][\/et_pb_row][et_pb_row module_class=&#8221;lem-inline-buttons&#8221; _builder_version=&#8221;4.23.1&#8243; _module_preset=&#8221;default&#8221; global_module=&#8221;55492&#8243; saved_tabs=&#8221;all&#8221; global_colors_info=&#8221;{}&#8221;][et_pb_column type=&#8221;4_4&#8243; _builder_version=&#8221;4.20.4&#8243; _module_preset=&#8221;default&#8221; global_colors_info=&#8221;{}&#8221;][et_pb_button button_url=&#8221;https:\/\/stage.malmedie.com\/de\/service\/anfrage\/&#8221; button_text=&#8221;Jetzt Kontakt aufnehmen&#8221; button_alignment_tablet=&#8221;&#8221; button_alignment_phone=&#8221;&#8221; button_alignment_last_edited=&#8221;on|phone&#8221; _builder_version=&#8221;4.23.1&#8243; _module_preset=&#8221;default&#8221; custom_button=&#8221;on&#8221; button_text_color=&#8221;#FFFFFF&#8221; button_bg_color=&#8221;#51BFF2&#8243; button_border_color=&#8221;#51BFF2&#8243; button_border_radius=&#8221;70px&#8221; button_icon=&#8221;&#x35;||divi||400&#8243; button_on_hover=&#8221;off&#8221; custom_margin=&#8221;|2%|||false|false&#8221; custom_padding=&#8221;|45px||30px|false|false&#8221; global_colors_info=&#8221;{}&#8221; custom_css_main_element_last_edited=&#8221;on|tablet&#8221; custom_css_main_element_phone=&#8221;width:100%!important;&#8221;][\/et_pb_button][et_pb_button button_url=&#8221;https:\/\/stage.malmedie.com\/de\/meeting\/&#8221; button_text=&#8221;Meeting vereinbaren&#8221; button_alignment_tablet=&#8221;&#8221; button_alignment_phone=&#8221;&#8221; button_alignment_last_edited=&#8221;on|phone&#8221; _builder_version=&#8221;4.23.1&#8243; _module_preset=&#8221;default&#8221; custom_button=&#8221;on&#8221; button_text_color=&#8221;#FFFFFF&#8221; button_bg_color=&#8221;#51BFF2&#8243; button_border_color=&#8221;#51BFF2&#8243; button_border_radius=&#8221;70px&#8221; button_icon=&#8221;&#x35;||divi||400&#8243; button_on_hover=&#8221;off&#8221; custom_padding=&#8221;|45px||30px|false|false&#8221; global_colors_info=&#8221;{}&#8221; custom_css_main_element_last_edited=&#8221;on|phone&#8221; custom_css_main_element_phone=&#8221;width: 100%!important;&#8221;][\/et_pb_button][\/et_pb_column][\/et_pb_row][\/et_pb_section][et_pb_section fb_built=&#8221;1&#8243; _builder_version=&#8221;4.20.4&#8243; _module_preset=&#8221;default&#8221; global_colors_info=&#8221;{}&#8221;][et_pb_row _builder_version=&#8221;4.20.4&#8243; _module_preset=&#8221;default&#8221; global_colors_info=&#8221;{}&#8221;][et_pb_column type=&#8221;4_4&#8243; _builder_version=&#8221;4.20.4&#8243; _module_preset=&#8221;default&#8221; global_colors_info=&#8221;{}&#8221;][et_pb_text _builder_version=&#8221;4.21.0&#8243; _module_preset=&#8221;default&#8221; header_2_font=&#8221;|||on|||||&#8221; global_colors_info=&#8221;{}&#8221;]<\/p>\n<h2 style=\"font-weight: 200!important;\"><b>MALMEDIE<sup style=\"font-size: 0.6em;\">\u00ae<\/sup><\/b> Entwicklung, Herstellung und Vertrieb:<\/h2>\n<p>[\/et_pb_text][\/et_pb_column][\/et_pb_row][et_pb_row column_structure=&#8221;1_3,1_3,1_3&#8243; module_class=&#8221;one-column&#8221; _builder_version=&#8221;4.20.4&#8243; _module_preset=&#8221;default&#8221; custom_padding=&#8221;||||false|false&#8221; global_colors_info=&#8221;{}&#8221;][et_pb_column type=&#8221;1_3&#8243; _builder_version=&#8221;4.20.4&#8243; _module_preset=&#8221;default&#8221; border_width_right=&#8221;1px&#8221; border_color_right=&#8221;#51BFF2&#8243; border_width_left=&#8221;1px&#8221; border_color_left=&#8221;#51BFF2&#8243; global_colors_info=&#8221;{}&#8221;][dipi_hover_box content_title=&#8221;Tonnenkupplungen&#8221; content_image=&#8221;https:\/\/stage.malmedie.com\/wp-content\/uploads\/2023\/04\/drum-couplings.jpg&#8221; content_image_alt=&#8221;Tonnenkupplungen&#8221; content_hover_title=&#8221;Tonnenkupplungen&#8221; use_content_hover_button=&#8221;on&#8221; content_hover_button_text=&#8221;mehr erfahren&#8221; content_hover_button_link=&#8221;https:\/\/stage.malmedie.com\/de\/produkte\/tonnenkupplungen\/&#8221; hover_type=&#8221;fade&#8221; module_class=&#8221;h2_v2&#8243; _builder_version=&#8221;4.23.1&#8243; _module_preset=&#8221;default&#8221; header_2_font=&#8221;|||on|||||&#8221; header_2_text_color=&#8221;#004884&#8243; header_2_font_size=&#8221;34px&#8221; content_hover_title_font_size=&#8221;3rem&#8221; custom_content_hover_button=&#8221;on&#8221; content_hover_button_text_color=&#8221;#FFFFFF&#8221; content_hover_button_bg_color=&#8221;#009FE3&#8243; content_hover_button_border_radius=&#8221;100px&#8221; content_hover_button_use_icon=&#8221;off&#8221; custom_margin=&#8221;||||false|false&#8221; custom_padding=&#8221;||||false|false&#8221; custom_css_content_title=&#8221;padding-bottom: 15px!important;&#8221; global_colors_info=&#8221;{}&#8221; custom_css_content_title__hover_enabled=&#8221;off|desktop&#8221; header_2_text_color__hover_enabled=&#8221;on|hover&#8221; header_2_text_color__hover=&#8221;#009FE3&#8243;][\/dipi_hover_box][\/et_pb_column][et_pb_column type=&#8221;1_3&#8243; _builder_version=&#8221;4.20.4&#8243; _module_preset=&#8221;default&#8221; border_width_right=&#8221;1px&#8221; border_color_right=&#8221;#51BFF2&#8243; border_width_left=&#8221;1px&#8221; border_color_left=&#8221;#51BFF2&#8243; global_colors_info=&#8221;{}&#8221;][dipi_hover_box content_title=&#8221;Zahnkupplungen&#8221; content_image=&#8221;https:\/\/stage.malmedie.com\/wp-content\/uploads\/2023\/04\/gear-couplings.jpg&#8221; content_image_alt=&#8221;Zahnkupplungen&#8221; content_hover_title=&#8221;Zahnkupplungen&#8221; use_content_hover_button=&#8221;on&#8221; content_hover_button_text=&#8221;mehr erfahren&#8221; content_hover_button_link=&#8221;https:\/\/stage.malmedie.com\/de\/produkte\/zahnkupplungen\/&#8221; hover_type=&#8221;fade&#8221; module_class=&#8221;h2_v2&#8243; _builder_version=&#8221;4.23.1&#8243; _module_preset=&#8221;default&#8221; header_2_font=&#8221;|||on|||||&#8221; header_2_text_color=&#8221;#004884&#8243; header_2_font_size=&#8221;40px&#8221; content_hover_title_font_size=&#8221;3rem&#8221; custom_content_hover_button=&#8221;on&#8221; content_hover_button_text_color=&#8221;#FFFFFF&#8221; content_hover_button_bg_color=&#8221;#009FE3&#8243; content_hover_button_border_radius=&#8221;100px&#8221; content_hover_button_use_icon=&#8221;off&#8221; custom_css_content_title=&#8221;padding-bottom: 15px!important;&#8221; global_colors_info=&#8221;{}&#8221; header_2_text_color__hover_enabled=&#8221;on|hover&#8221; header_2_text_color__hover=&#8221;#009FE3&#8243;][\/dipi_hover_box][\/et_pb_column][et_pb_column type=&#8221;1_3&#8243; _builder_version=&#8221;4.20.4&#8243; _module_preset=&#8221;default&#8221; border_width_right=&#8221;1px&#8221; border_color_right=&#8221;#51BFF2&#8243; border_width_left=&#8221;1px&#8221; border_color_left=&#8221;#51BFF2&#8243; global_colors_info=&#8221;{}&#8221;][dipi_hover_box content_title=&#8221;Sicherheitskupplungen&#8221; content_image=&#8221;https:\/\/stage.malmedie.com\/wp-content\/uploads\/2023\/04\/safety-couplings.jpg&#8221; content_image_alt=&#8221;Sicherheitskupplungen&#8221; content_hover_title=&#8221;Sicherheitskupplungen&#8221; use_content_hover_button=&#8221;on&#8221; content_hover_button_text=&#8221;mehr erfahren&#8221; content_hover_button_link=&#8221;https:\/\/stage.malmedie.com\/de\/produkte\/sicherheitskupplungen\/&#8221; hover_type=&#8221;fade&#8221; module_class=&#8221;h2_v2&#8243; _builder_version=&#8221;4.23.1&#8243; _module_preset=&#8221;default&#8221; header_2_font=&#8221;|||on|||||&#8221; header_2_text_color=&#8221;#004884&#8243; header_2_font_size=&#8221;40px&#8221; content_hover_title_font_size=&#8221;3rem&#8221; custom_content_hover_button=&#8221;on&#8221; content_hover_button_text_color=&#8221;#FFFFFF&#8221; content_hover_button_bg_color=&#8221;#009FE3&#8243; content_hover_button_border_radius=&#8221;100px&#8221; content_hover_button_use_icon=&#8221;off&#8221; custom_css_content_title=&#8221;padding-bottom: 15px!important;&#8221; global_colors_info=&#8221;{}&#8221; header_2_text_color__hover_enabled=&#8221;on|hover&#8221; header_2_text_color__hover=&#8221;#009FE3&#8243;][\/dipi_hover_box][\/et_pb_column][\/et_pb_row][\/et_pb_section][et_pb_section fb_built=&#8221;1&#8243; _builder_version=&#8221;4.20.4&#8243; _module_preset=&#8221;default&#8221; background_image=&#8221;https:\/\/stage.malmedie.com\/wp-content\/uploads\/2023\/04\/wind-turbines.jpg&#8221; custom_padding=&#8221;12vh||12vh||true|false&#8221; global_colors_info=&#8221;{}&#8221;][et_pb_row _builder_version=&#8221;4.20.4&#8243; _module_preset=&#8221;default&#8221; global_colors_info=&#8221;{}&#8221;][et_pb_column type=&#8221;4_4&#8243; _builder_version=&#8221;4.20.4&#8243; _module_preset=&#8221;default&#8221; global_colors_info=&#8221;{}&#8221;][et_pb_text _builder_version=&#8221;4.20.4&#8243; _module_preset=&#8221;default&#8221; text_text_color=&#8221;#FFFFFF&#8221; header_2_font=&#8221;|||on|||||&#8221; header_2_text_color=&#8221;#FFFFFF&#8221; width=&#8221;40%&#8221; width_tablet=&#8221;unset&#8221; width_phone=&#8221;unset&#8221; width_last_edited=&#8221;on|phone&#8221; max_width=&#8221;1366px&#8221; global_colors_info=&#8221;{}&#8221;]<\/p>\n<h2 style=\"font-weight: 500;\">Schwermaschinenbau<\/h2>\n<p style=\"text-transform: uppercase;\">Immer gr\u00f6\u00dfer, immer leistungsf\u00e4higer!<\/p>\n<p>Ein neu entwickelter Pr\u00fcfstand mit MALMEDIE<sup style=\"font-size: 0.6em;\">\u00ae<\/sup>-Sicherheitskupplung kann komplette Windkraftanlagen der Leistungsklasse 5\u201310 MW testen.[\/et_pb_text][et_pb_button button_url=&#8221;https:\/\/stage.malmedie.com\/de\/unternehmen\/referenzen\/&#8221; button_text=&#8221;mehr erfahren&#8221; _builder_version=&#8221;4.21.0&#8243; _module_preset=&#8221;default&#8221; custom_button=&#8221;on&#8221; button_text_color=&#8221;#FFFFFF&#8221; button_bg_color=&#8221;#51BFF2&#8243; button_border_color=&#8221;#51BFF2&#8243; button_border_radius=&#8221;70px&#8221; button_icon=&#8221;&#x35;||divi||400&#8243; button_on_hover=&#8221;off&#8221; custom_padding=&#8221;|45px||30px|false|false&#8221; global_colors_info=&#8221;{}&#8221;][\/et_pb_button][\/et_pb_column][\/et_pb_row][\/et_pb_section][et_pb_section fb_built=&#8221;1&#8243; _builder_version=&#8221;4.20.4&#8243; _module_preset=&#8221;default&#8221; global_colors_info=&#8221;{}&#8221;][et_pb_row custom_padding_last_edited=&#8221;on|phone&#8221; _builder_version=&#8221;4.20.4&#8243; _module_preset=&#8221;default&#8221; custom_padding=&#8221;12vh||12vh||true|false&#8221; custom_padding_tablet=&#8221;5vh||5vh||true|false&#8221; custom_padding_phone=&#8221;5vh||5vh||true|false&#8221; global_colors_info=&#8221;{}&#8221;][et_pb_column type=&#8221;4_4&#8243; _builder_version=&#8221;4.20.4&#8243; _module_preset=&#8221;default&#8221; global_colors_info=&#8221;{}&#8221;][et_pb_text _builder_version=&#8221;4.20.4&#8243; _module_preset=&#8221;default&#8221; header_2_font=&#8221;|||on|||||&#8221; global_colors_info=&#8221;{}&#8221;]<\/p>\n<h2><strong>MALMEDIE<sup style=\"font-size: 0.6em;\">\u00ae<\/sup><\/strong> ist einer der weltweit f\u00fchrenden Hersteller von mechanischen Kupplungen f\u00fcr industrielle Anwendungen.<\/h2>\n<p>[\/et_pb_text][\/et_pb_column][\/et_pb_row][et_pb_row column_structure=&#8221;1_3,1_3,1_3&#8243; make_equal=&#8221;on&#8221; _builder_version=&#8221;4.20.4&#8243; _module_preset=&#8221;default&#8221; global_colors_info=&#8221;{}&#8221;][et_pb_column type=&#8221;1_3&#8243; _builder_version=&#8221;4.20.4&#8243; _module_preset=&#8221;default&#8221; global_colors_info=&#8221;{}&#8221;][et_pb_image src=&#8221;https:\/\/stage.malmedie.com\/wp-content\/uploads\/2023\/04\/port-solutions.jpg&#8221; title_text=&#8221;Hafen L\u00f6sungen&#8221; _builder_version=&#8221;4.20.4&#8243; _module_preset=&#8221;default&#8221; global_colors_info=&#8221;{}&#8221;][\/et_pb_image][et_pb_text module_class=&#8221;silbentrennung&#8221; _builder_version=&#8221;4.21.0&#8243; _module_preset=&#8221;default&#8221; text_text_color=&#8221;#004884&#8243; header_2_text_color=&#8221;#004884&#8243; global_colors_info=&#8221;{}&#8221;]<\/p>\n<h2 class=\"h2_v2\">HAFEN<\/h2>\n<p>Mehr als 1000 STS-Krane weltweit in Betrieb mit MALMEDIE<sup style=\"font-size: 0.6em;\">\u00ae<\/sup>-Kupplungen und bereits mehr als 200 STS-Krane mit dem SOS Snag Overload System, dem ersten mechanischen System zum Schutz vor \u00dcberlastung.<\/p>\n<p>[\/et_pb_text][et_pb_button button_url=&#8221;https:\/\/youtu.be\/lSvdmYPue2g&#8221; url_new_window=&#8221;on&#8221; button_text=&#8221;Zeige Video&#8221; _builder_version=&#8221;4.20.4&#8243; _module_preset=&#8221;default&#8221; custom_button=&#8221;on&#8221; button_text_color=&#8221;#FFFFFF&#8221; button_bg_color=&#8221;#51BFF2&#8243; button_border_color=&#8221;#51BFF2&#8243; button_border_radius=&#8221;70px&#8221; button_icon=&#8221;&#x35;||divi||400&#8243; button_on_hover=&#8221;off&#8221; positioning=&#8221;absolute&#8221; position_origin_a=&#8221;bottom_left&#8221; vertical_offset=&#8221;-40px&#8221; position_origin_a_tablet=&#8221;bottom_left&#8221; position_origin_a_phone=&#8221;bottom_left&#8221; position_origin_a_last_edited=&#8221;on|tablet&#8221; position_origin_f_tablet=&#8221;&#8221; position_origin_f_phone=&#8221;&#8221; position_origin_f_last_edited=&#8221;on|desktop&#8221; position_origin_r_tablet=&#8221;&#8221; position_origin_r_phone=&#8221;&#8221; position_origin_r_last_edited=&#8221;on|desktop&#8221; custom_padding=&#8221;|45px||30px|false|false&#8221; positioning_tablet=&#8221;none&#8221; positioning_phone=&#8221;none&#8221; positioning_last_edited=&#8221;on|phone&#8221; locked=&#8221;off&#8221; global_colors_info=&#8221;{}&#8221;][\/et_pb_button][\/et_pb_column][et_pb_column type=&#8221;1_3&#8243; _builder_version=&#8221;4.20.4&#8243; _module_preset=&#8221;default&#8221; global_colors_info=&#8221;{}&#8221;][et_pb_image src=&#8221;https:\/\/stage.malmedie.com\/wp-content\/uploads\/2023\/04\/mining-solutions.jpg&#8221; title_text=&#8221;Bergbau L\u00f6sungen&#8221; _builder_version=&#8221;4.20.4&#8243; _module_preset=&#8221;default&#8221; global_colors_info=&#8221;{}&#8221;][\/et_pb_image][et_pb_text module_class=&#8221;silbentrennung&#8221; _builder_version=&#8221;4.21.0&#8243; _module_preset=&#8221;default&#8221; text_text_color=&#8221;#004884&#8243; header_2_text_color=&#8221;#004884&#8243; global_colors_info=&#8221;{}&#8221;]<\/p>\n<h2 class=\"h2_v2\">BERG- UND TAGEBAU<\/h2>\n<p>Alles f\u00fcr Bagger, Stapler, Reclaimer, Bandantriebe etc. Neu: Hochelastische Kupplungen f\u00fcr Bandantriebe mit integrierter Sicherheitskupplung, z.B. als Alternative zu Fl\u00fcssigkeitskupplungen.[\/et_pb_text][et_pb_button button_url=&#8221;https:\/\/youtu.be\/P2kAQLu_NhU&#8221; url_new_window=&#8221;on&#8221; button_text=&#8221;Zeige Video&#8221; _builder_version=&#8221;4.20.4&#8243; _module_preset=&#8221;default&#8221; custom_button=&#8221;on&#8221; button_text_color=&#8221;#FFFFFF&#8221; button_bg_color=&#8221;#51BFF2&#8243; button_border_color=&#8221;#51BFF2&#8243; button_border_radius=&#8221;70px&#8221; button_icon=&#8221;&#x35;||divi||400&#8243; button_on_hover=&#8221;off&#8221; positioning=&#8221;absolute&#8221; position_origin_a=&#8221;bottom_left&#8221; vertical_offset=&#8221;-40px&#8221; position_origin_a_tablet=&#8221;bottom_left&#8221; position_origin_a_phone=&#8221;bottom_left&#8221; position_origin_a_last_edited=&#8221;on|tablet&#8221; position_origin_f_tablet=&#8221;&#8221; position_origin_f_phone=&#8221;&#8221; position_origin_f_last_edited=&#8221;on|desktop&#8221; position_origin_r_tablet=&#8221;&#8221; position_origin_r_phone=&#8221;&#8221; position_origin_r_last_edited=&#8221;on|desktop&#8221; custom_padding=&#8221;|45px||30px|false|false&#8221; positioning_tablet=&#8221;none&#8221; positioning_phone=&#8221;none&#8221; positioning_last_edited=&#8221;on|phone&#8221; locked=&#8221;off&#8221; global_colors_info=&#8221;{}&#8221;][\/et_pb_button][\/et_pb_column][et_pb_column type=&#8221;1_3&#8243; _builder_version=&#8221;4.20.4&#8243; _module_preset=&#8221;default&#8221; global_colors_info=&#8221;{}&#8221;][et_pb_image src=&#8221;https:\/\/stage.malmedie.com\/wp-content\/uploads\/2023\/06\/steel.jpg&#8221; title_text=&#8221;Steel&#8221; _builder_version=&#8221;4.21.0&#8243; _module_preset=&#8221;default&#8221; global_colors_info=&#8221;{}&#8221;][\/et_pb_image][et_pb_text module_class=&#8221;silbentrennung&#8221; _builder_version=&#8221;4.21.0&#8243; _module_preset=&#8221;default&#8221; text_text_color=&#8221;#004884&#8243; header_2_text_color=&#8221;#004884&#8243; global_colors_info=&#8221;{}&#8221;]<\/p>\n<h2 class=\"h2_v2\">STAHL<\/h2>\n<p>Seit mehr als 100 Jahren ein zuverl\u00e4ssiger Partner der Stahlindustrie. Ob Schwerlastkupplungen, Drehmomentbegrenzer oder Getriebespindeln \u2013 bei MALMEDIE<sup style=\"font-size: 0.6em;\">\u00ae<\/sup> bekommen Sie das volle Paket.[\/et_pb_text][et_pb_button button_url=&#8221;https:\/\/youtu.be\/Zol5a1C_CdA&#8221; url_new_window=&#8221;on&#8221; button_text=&#8221;Zeige Video&#8221; _builder_version=&#8221;4.20.4&#8243; _module_preset=&#8221;default&#8221; custom_button=&#8221;on&#8221; button_text_color=&#8221;#FFFFFF&#8221; button_bg_color=&#8221;#51BFF2&#8243; button_border_color=&#8221;#51BFF2&#8243; button_border_radius=&#8221;70px&#8221; button_icon=&#8221;&#x35;||divi||400&#8243; button_on_hover=&#8221;off&#8221; positioning=&#8221;absolute&#8221; position_origin_a=&#8221;bottom_left&#8221; vertical_offset=&#8221;-40px&#8221; vertical_offset_tablet=&#8221;-40px&#8221; vertical_offset_phone=&#8221;-40px&#8221; vertical_offset_last_edited=&#8221;on|tablet&#8221; position_origin_a_tablet=&#8221;bottom_left&#8221; position_origin_a_phone=&#8221;bottom_left&#8221; position_origin_a_last_edited=&#8221;on|tablet&#8221; position_origin_f_tablet=&#8221;&#8221; position_origin_f_phone=&#8221;&#8221; position_origin_f_last_edited=&#8221;on|desktop&#8221; position_origin_r_tablet=&#8221;&#8221; position_origin_r_phone=&#8221;&#8221; position_origin_r_last_edited=&#8221;on|desktop&#8221; custom_padding=&#8221;|45px||30px|false|false&#8221; positioning_tablet=&#8221;none&#8221; positioning_phone=&#8221;none&#8221; positioning_last_edited=&#8221;on|desktop&#8221; locked=&#8221;off&#8221; global_colors_info=&#8221;{}&#8221;][\/et_pb_button][\/et_pb_column][\/et_pb_row][\/et_pb_section]<\/p>\n","protected":false},"excerpt":{"rendered":"<p>Antriebstechnologie F\u00fcr die Industrie von morgen &nbsp; Zuverl\u00e4ssig seit 150 JahrenMALMEDIE\u00ae Entwicklung, Herstellung und Vertrieb:<div class=\"et_pb_module dipi_hover_box dipi_hover_box_0 h2_v2\">\n\t\t\t\t\n\t\t\t\t\n\t\t\t\t\n\t\t\t\t\n\t\t\t\t\n\t\t\t\t\n\t\t\t\t<div class=\"et_pb_module_inner\">\n\t\t\t\t\t<div class=\"dipi-hover-box-container dipi-hover-box-fade hover_box_align_front_center hover_box_align_back_center\" data-force_square=\"off\">\n                <div class=\"dipi-hover-box-inner-wrapper\">\n                    <div class=\"dipi-hover-box-content\">\n              \n              <div class=\"dipi-hover-box-content-innner\">\n                    <div class=\"dipi-content-image-icon-wrap dipi-image-wrap\">\n                    <img decoding=\"async\" src=\"https:\/\/stage.malmedie.com\/wp-content\/uploads\/2023\/04\/drum-couplings.jpg\" alt=\"Tonnenkupplungen\">\n                <\/div>\n                    <div class=\"dipi-text\">\n                        <h2 class=\"dipi-hover-box-heading\">\n                    Tonnenkupplungen\n                <\/h2>\n                        <div class=\"dipi-desc\"><\/div>\n                    <\/div>\n              <\/div>\n            <\/div>\n            \n                    <div class=\"dipi-hover-box-hover\">\n                \n                <div class=\"dipi-hover-box-hover-innner\">\n                    \n                    <div class=\"dipi-text\">\n                        <h2 class=\"dipi-hover-box-heading\">\n                    Tonnenkupplungen\n                <\/h2>\n                        <div class=\"dipi-desc\">\n                    \n                <\/div>\n                    <\/div>\n                    <a class=\"et_pb_button dipi-hover-button\" href=\"https:\/\/stage.malmedie.com\/de\/produkte\/tonnenkupplungen\/\">mehr erfahren<\/a>\n                <\/div>\n            <\/div>\n                <\/div>\n            <\/div>\n\t\t\t\t<\/div>\n\t\t\t<\/div><div class=\"et_pb_module dipi_hover_box dipi_hover_box_1 &#8221;h2_v2&#8243;\">\n\t\t\t\t\n\t\t\t\t\n\t\t\t\t\n\t\t\t\t\n\t\t\t\t\n\t\t\t\t\n\t\t\t\t<div class=\"et_pb_module_inner\">\n\t\t\t\t\t<div class=\"dipi-hover-box-container dipi-hover-box-slide-top hover_box_align_front_center hover_box_align_back_center\" data-force_square=\"off\">\n                <div class=\"dipi-hover-box-inner-wrapper\">\n                    <div class=\"dipi-hover-box-content\">\n              \n              <div class=\"dipi-hover-box-content-innner\">\n                    <div class=\"dipi-content-image-icon-wrap dipi-image-wrap\">\n                    <img decoding=\"async\" src=\"&#8221;https:\/\/stage.malmedie.com\/wp-content\/uploads\/2023\/04\/gear-couplings.jpg&#8221;\" alt=\"&#8221;Zahnkupplungen&#8221;\">\n                <\/div>\n                    <div class=\"dipi-text\">\n                        <h2 class=\"dipi-hover-box-heading\">\n                    &#8221;Zahnkupplungen&#8221;\n                <\/h2>\n                        <div class=\"dipi-desc\"><\/div>\n                    <\/div>\n              <\/div>\n            <\/div>\n            \n                    <div class=\"dipi-hover-box-hover\">\n                \n                <div class=\"dipi-hover-box-hover-innner\">\n                    \n                    <div class=\"dipi-text\">\n                        <h2 class=\"dipi-hover-box-heading\">\n                    &#8221;Zahnkupplungen&#8221;\n                <\/h2>\n                        <div class=\"dipi-desc\">\n                    \n                <\/div>\n                    <\/div>\n                    \n                <\/div>\n            <\/div>\n                <\/div>\n            <\/div>\n\t\t\t\t<\/div>\n\t\t\t<\/div><\/p>\n","protected":false},"author":1,"featured_media":0,"parent":0,"menu_order":0,"comment_status":"closed","ping_status":"closed","template":"","meta":{"_et_pb_use_builder":"on","_et_pb_old_content":"","_et_gb_content_width":"","footnotes":""},"dipi_cpt_category":[],"_links":{"self":[{"href":"https:\/\/stage.malmedie.com\/de\/wp-json\/wp\/v2\/pages\/518"}],"collection":[{"href":"https:\/\/stage.malmedie.com\/de\/wp-json\/wp\/v2\/pages"}],"about":[{"href":"https:\/\/stage.malmedie.com\/de\/wp-json\/wp\/v2\/types\/page"}],"author":[{"embeddable":true,"href":"https:\/\/stage.malmedie.com\/de\/wp-json\/wp\/v2\/users\/1"}],"replies":[{"embeddable":true,"href":"https:\/\/stage.malmedie.com\/de\/wp-json\/wp\/v2\/comments?post=518"}],"version-history":[{"count":194,"href":"https:\/\/stage.malmedie.com\/de\/wp-json\/wp\/v2\/pages\/518\/revisions"}],"predecessor-version":[{"id":55557,"href":"https:\/\/stage.malmedie.com\/de\/wp-json\/wp\/v2\/pages\/518\/revisions\/55557"}],"wp:attachment":[{"href":"https:\/\/stage.malmedie.com\/de\/wp-json\/wp\/v2\/media?parent=518"}],"wp:term":[{"taxonomy":"dipi_cpt_category","embeddable":true,"href":"https:\/\/stage.malmedie.com\/de\/wp-json\/wp\/v2\/dipi_cpt_category?post=518"}],"curies":[{"name":"wp","href":"https:\/\/api.w.org\/{rel}","templated":true}]}}