{"id":1651,"date":"2023-05-15T10:30:49","date_gmt":"2023-05-15T08:30:49","guid":{"rendered":"http:\/\/malmedie.com.w01d6c22.kasserver.com\/service\/service-vor-ort\/"},"modified":"2023-11-27T10:17:58","modified_gmt":"2023-11-27T09:17:58","slug":"service-vor-ort","status":"publish","type":"page","link":"https:\/\/stage.malmedie.com\/de\/service\/service-vor-ort\/","title":{"rendered":"Service vor Ort"},"content":{"rendered":"<p>[et_pb_section fb_built=&#8221;1&#8243; _builder_version=&#8221;4.20.4&#8243; _module_preset=&#8221;2754d5ef-219b-4240-be3e-da9c6e9bdeb9&#8243; bottom_divider_height_tablet=&#8221;50px&#8221; bottom_divider_height_phone=&#8221;20px&#8221; bottom_divider_height_last_edited=&#8221;on|phone&#8221; global_colors_info=&#8221;{}&#8221;][et_pb_row _builder_version=&#8221;4.20.4&#8243; _module_preset=&#8221;default&#8221; global_colors_info=&#8221;{}&#8221;][et_pb_column type=&#8221;4_4&#8243; _builder_version=&#8221;4.20.4&#8243; _module_preset=&#8221;default&#8221; global_colors_info=&#8221;{}&#8221;][et_pb_text module_class=&#8221;silbentrennung&#8221; _builder_version=&#8221;4.21.0&#8243; _module_preset=&#8221;default&#8221; text_font=&#8221;|||on|||||&#8221; text_text_color=&#8221;#51BFF2&#8243; header_font=&#8221;|300||on|||||&#8221; header_text_color=&#8221;#FFFFFF&#8221; global_colors_info=&#8221;{}&#8221;]<\/p>\n<h1>Ein sehr gutes Produkt ist uns nicht gut genug<\/h1>\n<h1 class=\"sub_h1\" style=\"font-weight: 300;\">Erst Service und Beratung bringen das perfekte Gesamtergebnis.<\/h1>\n<p>[\/et_pb_text][\/et_pb_column][\/et_pb_row][et_pb_row module_class=&#8221;lem-inline-buttons&#8221; _builder_version=&#8221;4.23.1&#8243; _module_preset=&#8221;default&#8221; saved_tabs=&#8221;all&#8221; global_colors_info=&#8221;{}&#8221; global_module=&#8221;55492&#8243; theme_builder_area=&#8221;post_content&#8221;][et_pb_column type=&#8221;4_4&#8243; _builder_version=&#8221;4.20.4&#8243; _module_preset=&#8221;default&#8221; global_colors_info=&#8221;{}&#8221; theme_builder_area=&#8221;post_content&#8221;][et_pb_button button_url=&#8221;https:\/\/stage.malmedie.com\/de\/service\/anfrage\/&#8221; button_text=&#8221;Abfrage schicken&#8221; button_alignment_tablet=&#8221;&#8221; button_alignment_phone=&#8221;&#8221; button_alignment_last_edited=&#8221;on|phone&#8221; _builder_version=&#8221;4.23.1&#8243; _module_preset=&#8221;default&#8221; custom_button=&#8221;on&#8221; button_text_color=&#8221;#FFFFFF&#8221; button_bg_color=&#8221;#51BFF2&#8243; button_border_color=&#8221;#51BFF2&#8243; button_border_radius=&#8221;70px&#8221; button_icon=&#8221;&#x35;||divi||400&#8243; button_on_hover=&#8221;off&#8221; custom_margin=&#8221;|2%|||false|false&#8221; custom_padding=&#8221;|45px||30px|false|false&#8221; global_colors_info=&#8221;{}&#8221; custom_css_main_element_last_edited=&#8221;on|tablet&#8221; custom_css_main_element_phone=&#8221;width:100%!important;&#8221; theme_builder_area=&#8221;post_content&#8221;][\/et_pb_button][et_pb_button button_url=&#8221;https:\/\/stage.malmedie.com\/de\/meeting\/&#8221; button_text=&#8221;Meeting vereinbaren&#8221; button_alignment_tablet=&#8221;&#8221; button_alignment_phone=&#8221;&#8221; button_alignment_last_edited=&#8221;on|phone&#8221; _builder_version=&#8221;4.23.1&#8243; _module_preset=&#8221;default&#8221; custom_button=&#8221;on&#8221; button_text_color=&#8221;#FFFFFF&#8221; button_bg_color=&#8221;#51BFF2&#8243; button_border_color=&#8221;#51BFF2&#8243; button_border_radius=&#8221;70px&#8221; button_icon=&#8221;&#x35;||divi||400&#8243; button_on_hover=&#8221;off&#8221; custom_padding=&#8221;|45px||30px|false|false&#8221; global_colors_info=&#8221;{}&#8221; custom_css_main_element_last_edited=&#8221;on|phone&#8221; custom_css_main_element_phone=&#8221;width: 100%!important;&#8221; theme_builder_area=&#8221;post_content&#8221;][\/et_pb_button][\/et_pb_column][\/et_pb_row][\/et_pb_section][et_pb_section fb_built=&#8221;1&#8243; _builder_version=&#8221;4.20.4&#8243; _module_preset=&#8221;default&#8221; global_colors_info=&#8221;{}&#8221;][et_pb_row column_structure=&#8221;2_3,1_3&#8243; _builder_version=&#8221;4.20.4&#8243; _module_preset=&#8221;default&#8221; global_colors_info=&#8221;{}&#8221;][et_pb_column type=&#8221;2_3&#8243; _builder_version=&#8221;4.20.4&#8243; _module_preset=&#8221;default&#8221; global_colors_info=&#8221;{}&#8221;][et_pb_text _builder_version=&#8221;4.21.0&#8243; _module_preset=&#8221;default&#8221; text_text_color=&#8221;#1D2249&#8243; global_colors_info=&#8221;{}&#8221;]<\/p>\n<h2>Weltweit an Ihrer Seite<\/h2>\n<p>Wir lassen Sie mit Ihren Anforderungen nicht allein: Egal ob Reparatur, Umbau oder Austausch von Kupplungen \u2013 unser Service steht Ihnen auf Wunsch vor Ort zur Verf\u00fcgung, z.\u00a0B. als Unterst\u00fctzung f\u00fcr Ihr Montageteam, inklusive Inbetriebnahme und Ausrichtung des Antriebsstranges \u2013 selbstverst\u00e4ndlich per Laser. Kleinere Umbauten \/ Einbauten f\u00fchren wir auf Wunsch auch komplett eigenst\u00e4ndig durch.[\/et_pb_text][et_pb_text _builder_version=&#8221;4.21.0&#8243; _module_preset=&#8221;default&#8221; text_text_color=&#8221;#1D2249&#8243; global_colors_info=&#8221;{}&#8221;]<\/p>\n<h2>Ihre Vorteile:<\/h2>\n<p>&nbsp;<br \/>\n<b>Wird bei Neulieferungen der Einbau durch uns durchgef\u00fchrt bzw. unterst\u00fctzt, erhalten Sie auf unsere Kupplungen eine um 12 Monate verl\u00e4ngerte Gew\u00e4hrleistung!<\/b><br \/>\n&nbsp;<br \/>\nSelbstverst\u00e4ndlich bieten wir auch die General\u00fcberholung von Kupplungen in unserem Werk an.[\/et_pb_text][et_pb_text _builder_version=&#8221;4.21.0&#8243; _module_preset=&#8221;default&#8221; text_text_color=&#8221;#1D2249&#8243; global_colors_info=&#8221;{}&#8221;]<\/p>\n<h2>Unsere Serviceleistungen:<\/h2>\n<p>&nbsp;<\/p>\n<ul>\n<li>Unterst\u00fctzung vor Ort<\/li>\n<li>Inbetriebnahmen<\/li>\n<li>Einbau \/ Umbau \/ Reparatur vor Ort<\/li>\n<li>Ausrichten von Antriebsstr\u00e4ngen per <strong>Laser<\/strong><\/li>\n<li>General\u00fcberholung von  MALMEDIE<sup style=\"font-size: 0.6em\">\u00ae<\/sup> Kupplungen im Werk<\/li>\n<li>Original-Ersatzteile Service<\/li>\n<li>Schulung Ihrer Mitarbeiter vor Ort oder im Werk<\/li>\n<li>Wartung bestehender Anlagen<\/li>\n<\/ul>\n<p>[\/et_pb_text][\/et_pb_column][et_pb_column type=&#8221;1_3&#8243; _builder_version=&#8221;4.20.4&#8243; _module_preset=&#8221;default&#8221; global_colors_info=&#8221;{}&#8221;][et_pb_text _builder_version=&#8221;4.21.0&#8243; _module_preset=&#8221;default&#8221; text_text_color=&#8221;#FFFFFF&#8221; link_text_color=&#8221;#FFFFFF&#8221; header_2_text_color=&#8221;#FFFFFF&#8221; header_3_font=&#8221;|300|||||||&#8221; header_3_text_color=&#8221;#FFFFFF&#8221; background_color=&#8221;#1D2249&#8243; custom_padding=&#8221;10%|3%|10%|3%|true|true&#8221; sticky_position=&#8221;top&#8221; sticky_limit_bottom=&#8221;body&#8221; sticky_position_tablet=&#8221;none&#8221; sticky_position_phone=&#8221;none&#8221; sticky_position_last_edited=&#8221;on|phone&#8221; box_shadow_style=&#8221;preset3&#8243; global_module=&#8221;828&#8243; saved_tabs=&#8221;all&#8221; global_colors_info=&#8221;{}&#8221;]<\/p>\n<p class=\"kontakt-box-sticky\">How may we help you?<\/p>\n<p><strong>Sales<\/strong><br \/>\nChristian Tigges<\/p>\n<p>Fon: +49-212-25811-53<br \/>\nFax: +49-212-25811-31<br \/>\nMail: sales@malmedie.com<\/p>\n<p class=\"kontakt-box-sticky\">Inquiry form:<\/p>\n<p><a href=\"\/service\/inquiry-form\/\" class=\"internal-link\">your request &gt;&gt;<\/a><\/p>\n<p>[\/et_pb_text][\/et_pb_column][\/et_pb_row][et_pb_row column_structure=&#8221;2_3,1_3&#8243; _builder_version=&#8221;4.21.0&#8243; _module_preset=&#8221;default&#8221; global_colors_info=&#8221;{}&#8221;][et_pb_column type=&#8221;2_3&#8243; _builder_version=&#8221;4.21.0&#8243; _module_preset=&#8221;default&#8221; global_colors_info=&#8221;{}&#8221;][et_pb_image src=&#8221;https:\/\/stage.malmedie.com\/wp-content\/uploads\/2023\/05\/service-12-months-extended-warrenty-period.jpg&#8221; title_text=&#8221;Service 12 Monate verl\u00e4ngerte Garantiezeit&#8221; src_tablet=&#8221;https:\/\/stage.malmedie.com\/wp-content\/uploads\/2023\/05\/service-12-months-extended-warrenty-period.jpg&#8221; src_phone=&#8221;https:\/\/stage.malmedie.com\/wp-content\/uploads\/2023\/05\/service-12-months-extended-warrenty-period-mobile.jpg&#8221; src_last_edited=&#8221;on|phone&#8221; _builder_version=&#8221;4.21.0&#8243; _module_preset=&#8221;default&#8221; global_colors_info=&#8221;{}&#8221;][\/et_pb_image][\/et_pb_column][et_pb_column type=&#8221;1_3&#8243; _builder_version=&#8221;4.21.0&#8243; _module_preset=&#8221;default&#8221; global_colors_info=&#8221;{}&#8221;][\/et_pb_column][\/et_pb_row][et_pb_row column_structure=&#8221;2_3,1_3&#8243; _builder_version=&#8221;4.20.4&#8243; _module_preset=&#8221;default&#8221; global_colors_info=&#8221;{}&#8221;][et_pb_column type=&#8221;2_3&#8243; _builder_version=&#8221;4.20.4&#8243; _module_preset=&#8221;default&#8221; global_colors_info=&#8221;{}&#8221;][et_pb_text _builder_version=&#8221;4.21.0&#8243; _module_preset=&#8221;default&#8221; custom_margin=&#8221;||0px||false|false&#8221; custom_padding=&#8221;||0px||false|false&#8221; global_colors_info=&#8221;{}&#8221;]<\/p>\n<h2>Weitere Informationen<\/h2>\n<p>[\/et_pb_text][et_pb_text _builder_version=&#8221;4.22.2&#8243; _module_preset=&#8221;default&#8221; global_colors_info=&#8221;{}&#8221;]<script type=\"text\/x-handlebars-template\" id=\"wpfd-template-ggd-box\">    {{#with file}}    <div class=\"dropblock wpfd-content\">        <a href=\"javascript:void(0)\" class=\"wpfd-close\"><\/a>        <div class=\"filecontent\">            {{#if file_custom_icon}}                    <div class=\"icon-custom\"><img decoding=\"async\" src=\"{{file_custom_icon}}\" \/><\/div>                    {{else}}                    <div class=\"ext ext-{{ext}} wpfd-icon-set-svg\"><span class=\"txt\">{{ext}}<\/span><\/div>                    {{\/if}}<h3><a href=\"{{linkdownload}}\"  class=\"wpfd_downloadlink\" title=\"{{post_title}}\" target=\"{{#if remote_file}}_blank{{\/if}}\">{{{crop_title}}}<\/a><\/h3>            <div class=\"wpfd-extra\">                            <\/div>        <\/div>        <div class=\"extra-downloadlink\"><a class=\"downloadlink wpfd_downloadlink\"  href=\"{{linkdownload}}\" style=\"background-color:#1d2249;color:#ffffff;\" target=\"{{#if remote_file}}_blank{{\/if}}\">Download<i class=\"zmdi zmdi-cloud-download wpfd-download\"><\/i><\/a>{{#if openpdflink}}<a class=\"openlink wpfdlightbox wpfd_previewlink\" href=\"{{openpdflink}}\" target=\"\">Preview                            <i class=\"zmdi zmdi-filter-center-focus wpfd-preview\"><\/i>                        <\/a>{{else}}{{#if viewerlink}}<a                            href=\"{{viewerlink}}\"                            class=\"openlink wpfdlightbox wpfd_previewlink\"                            target=\"\"                            data-id=\"{{ID}}\"                            data-catid=\"{{catid}}\"                            data-file-type=\"{{ext}}\">Preview<i class=\"zmdi zmdi-filter-center-focus wpfd-preview\"><\/i>                        <\/a>{{\/if}}{{\/if}}<\/div>    <\/div>    {{\/with}}<\/script><div class=\"wpfd-content wpfd-content-ggd wpfd-content-multi\" data-category=\"296\"             style=\"background-color: rgba(255, 255, 255, 0)\"><input type=\"hidden\" id=\"current_category_296\" value=\"296\" \/>                    <input type=\"hidden\" id=\"current_category_slug_296\" value=\"service-de\" \/>                    <input type=\"hidden\" id=\"current_ordering_296\" value=\"ordering\" \/>                    <input type=\"hidden\" id=\"current_ordering_direction_296\" value=\"asc\" \/>                    <input type=\"hidden\" id=\"page_limit_296\" value=\"10\" \/><input type=\"hidden\" id=\"wpfd_display_empty_category_message\" value=\"0\" \/><input type=\"hidden\" id=\"wpfd_empty_category_message_val\" value=\"This file category has no files to display\" \/><input type=\"hidden\" id=\"wpfd_display_empty_folder\" value=\"0\" \/><input type=\"hidden\" id=\"wpfd_is_empty_subcategories\" value=\"1\" \/><input type=\"hidden\" id=\"wpfd_is_empty_files\" value=\"1\" \/><input type=\"hidden\" id=\"wpfd_root_category_id\" class=\"wpfd_root_category_id\" value=\"296\" \/><input type=\"hidden\" id=\"wpfd_root_category_theme\" class=\"wpfd_root_category_theme\" value=\"ggd\" \/><input type=\"hidden\" id=\"wpfd_root_category_clone_theme_type\" class=\"wpfd_root_category_clone_theme_type\" value=\"none\" \/><input type=\"hidden\" id=\"wpfd_root_category_type\" class=\"wpfd_root_category_type\" value=\"296\" \/><a data-catid=\"\"                       class=\"ggd-download-category \"                       href=\"https:\/\/stage.malmedie.com\/download\/wpfdcat\/296\/service\">Download all                         <i class=\"zmdi zmdi-check-all wpfd-download-category\"><\/i>                    <\/a><script type=\"text\/x-handlebars-template\" class=\"wpfd-template-categories\">    <div class=\"wpfd-categories hide\">{{#if category}}{{#with category}}{{#if parent}}<a class=\"catlink backcategory\" href=\"#\" data-idcat=\"{{parent}}\">                        <i class=\"zmdi zmdi-chevron-left\"><\/i><span>Back<\/span><\/a>{{\/if}}{{\/with}}{{\/if}}<\/div><\/script><script type=\"text\/x-handlebars-template\" class=\"wpfd-template-files\">    {{#if files}}    <div class=\"wpfd_list\">        {{#each files}}        <div class=\"file\" style=\"margin : 10px 10px 10px 10px;\"><a class=\"wpfd-file-link\" href=\"#\" data-category_id=\"{{catid}}\" data-id=\"{{ID}}\"><div class=\"dropblock\">{{#if file_custom_icon}}                    <div class=\"icon-custom\"><img decoding=\"async\" src=\"{{file_custom_icon}}\" \/><\/div>                    {{else}}                    <div class=\"ext ext-{{ext}} wpfd-icon-set-svg\"><span class=\"txt\">{{ext}}<\/span><\/div>                    {{\/if}}<\/div><div class=\"droptitle\">{{{crop_title}}}<\/div><\/a><\/div>        {{\/each}}        <div class=\"wpfd-file-placeholder\" style=\"margin: 10px 10px 10px 10px\"><\/div><div class=\"wpfd-file-placeholder\" style=\"margin: 10px 10px 10px 10px\"><\/div><div class=\"wpfd-file-placeholder\" style=\"margin: 10px 10px 10px 10px\"><\/div>    <\/div>    {{\/if}}<\/script><div class=\"wpfd-container\">        <div class=\"wpfd-open-tree\"><\/div>    <div class=\"wpfd-col wpfd-container-ggd \">            <div class=\"wpfd-categories hide\"><\/div>                            <div class=\"wpfd_list\">                                                                        <div class=\"file\" style=\"margin : 10px 10px 10px 10px;\"><a class=\"wpfd-file-link\" href=\"#\" data-category_id=\"285\" data-id=\"54567\"><div class=\"dropblock\"><div class=\"ext ext-pdf wpfd-icon-set-svg\"><span class=\"txt\">pdf<\/span><\/div><\/div><div class=\"droptitle\">Service English<\/div><\/a><\/div>                                                                                                <div class=\"file\" style=\"margin : 10px 10px 10px 10px;\"><a class=\"wpfd-file-link\" href=\"#\" data-category_id=\"296\" data-id=\"54614\"><div class=\"dropblock\"><div class=\"ext ext-pdf wpfd-icon-set-svg\"><span class=\"txt\">pdf<\/span><\/div><\/div><div class=\"droptitle\">Service Deutsch<\/div><\/a><\/div>                                                                                                <div class=\"file\" style=\"margin : 10px 10px 10px 10px;\"><a class=\"wpfd-file-link\" href=\"#\" data-category_id=\"296\" data-id=\"54615\"><div class=\"dropblock\"><div class=\"ext ext-pdf wpfd-icon-set-svg\"><span class=\"txt\">pdf<\/span><\/div><\/div><div class=\"droptitle\">Service Englisch<\/div><\/a><\/div>                                                                                                <div class=\"file\" style=\"margin : 10px 10px 10px 10px;\"><a class=\"wpfd-file-link\" href=\"#\" data-category_id=\"285\" data-id=\"54566\"><div class=\"dropblock\"><div class=\"ext ext-pdf wpfd-icon-set-svg\"><span class=\"txt\">pdf<\/span><\/div><\/div><div class=\"droptitle\">Service German<\/div><\/a><\/div>                                                                <div class=\"wpfd-file-placeholder\" style=\"margin: 10px 10px 10px 10px\"><\/div><div class=\"wpfd-file-placeholder\" style=\"margin: 10px 10px 10px 10px\"><\/div><div class=\"wpfd-file-placeholder\" style=\"margin: 10px 10px 10px 10px\"><\/div>                <\/div>                            <\/div><\/div><\/div>[\/et_pb_text][\/et_pb_column][et_pb_column type=&#8221;1_3&#8243; _builder_version=&#8221;4.20.4&#8243; _module_preset=&#8221;default&#8221; global_colors_info=&#8221;{}&#8221;][\/et_pb_column][\/et_pb_row][\/et_pb_section]<\/p>\n","protected":false},"excerpt":{"rendered":"<p>Sicherheitskupplungen<\/p>\n","protected":false},"author":1,"featured_media":0,"parent":684,"menu_order":0,"comment_status":"closed","ping_status":"closed","template":"","meta":{"_et_pb_use_builder":"on","_et_pb_old_content":"","_et_gb_content_width":"","footnotes":""},"dipi_cpt_category":[],"_links":{"self":[{"href":"https:\/\/stage.malmedie.com\/de\/wp-json\/wp\/v2\/pages\/1651"}],"collection":[{"href":"https:\/\/stage.malmedie.com\/de\/wp-json\/wp\/v2\/pages"}],"about":[{"href":"https:\/\/stage.malmedie.com\/de\/wp-json\/wp\/v2\/types\/page"}],"author":[{"embeddable":true,"href":"https:\/\/stage.malmedie.com\/de\/wp-json\/wp\/v2\/users\/1"}],"replies":[{"embeddable":true,"href":"https:\/\/stage.malmedie.com\/de\/wp-json\/wp\/v2\/comments?post=1651"}],"version-history":[{"count":28,"href":"https:\/\/stage.malmedie.com\/de\/wp-json\/wp\/v2\/pages\/1651\/revisions"}],"predecessor-version":[{"id":55635,"href":"https:\/\/stage.malmedie.com\/de\/wp-json\/wp\/v2\/pages\/1651\/revisions\/55635"}],"up":[{"embeddable":true,"href":"https:\/\/stage.malmedie.com\/de\/wp-json\/wp\/v2\/pages\/684"}],"wp:attachment":[{"href":"https:\/\/stage.malmedie.com\/de\/wp-json\/wp\/v2\/media?parent=1651"}],"wp:term":[{"taxonomy":"dipi_cpt_category","embeddable":true,"href":"https:\/\/stage.malmedie.com\/de\/wp-json\/wp\/v2\/dipi_cpt_category?post=1651"}],"curies":[{"name":"wp","href":"https:\/\/api.w.org\/{rel}","templated":true}]}}